{"id":1534,"date":"2021-09-28T11:16:08","date_gmt":"2021-09-28T11:16:08","guid":{"rendered":"https:\/\/dosa.ro\/contact\/"},"modified":"2021-12-15T15:57:29","modified_gmt":"2021-12-15T15:57:29","slug":"contact","status":"publish","type":"page","link":"https:\/\/dosa.ro\/ro\/contact\/","title":{"rendered":"Contact"},"content":{"rendered":"\t\t<div data-elementor-type=\"wp-page\" data-elementor-id=\"1534\" class=\"elementor elementor-1534 elementor-23\">\n\t\t\t\t\t\t\t\t\t<section class=\"elementor-section elementor-top-section elementor-element elementor-element-3ed0260 elementor-section-height-min-height elementor-section-boxed elementor-section-height-default elementor-section-items-middle\" data-id=\"3ed0260\" data-element_type=\"section\" data-settings=\"{&quot;background_background&quot;:&quot;slideshow&quot;,&quot;background_slideshow_gallery&quot;:[{&quot;id&quot;:48,&quot;url&quot;:&quot;https:\\\/\\\/dosa.ro\\\/wp-content\\\/uploads\\\/2021\\\/05\\\/DSC_0600.jpg&quot;},{&quot;id&quot;:53,&quot;url&quot;:&quot;https:\\\/\\\/dosa.ro\\\/wp-content\\\/uploads\\\/2021\\\/05\\\/DSC_3030.jpg&quot;},{&quot;id&quot;:50,&quot;url&quot;:&quot;https:\\\/\\\/dosa.ro\\\/wp-content\\\/uploads\\\/2021\\\/05\\\/DSC_0643-scaled.jpg&quot;},{&quot;id&quot;:846,&quot;url&quot;:&quot;https:\\\/\\\/dosa.ro\\\/wp-content\\\/uploads\\\/2021\\\/06\\\/5818-scaled.jpg&quot;}],&quot;background_slideshow_loop&quot;:&quot;yes&quot;,&quot;background_slideshow_slide_duration&quot;:5000,&quot;background_slideshow_slide_transition&quot;:&quot;fade&quot;,&quot;background_slideshow_transition_duration&quot;:500}\">\n\t\t\t\t\t\t<div class=\"elementor-container elementor-column-gap-default\">\n\t\t\t\t\t<div class=\"elementor-column elementor-col-100 elementor-top-column elementor-element elementor-element-ed1df84\" data-id=\"ed1df84\" data-element_type=\"column\" data-settings=\"{&quot;background_background&quot;:&quot;classic&quot;}\">\n\t\t\t<div class=\"elementor-widget-wrap elementor-element-populated\">\n\t\t\t\t\t<div class=\"elementor-background-overlay\"><\/div>\n\t\t\t\t\t\t\t\t<div class=\"elementor-element elementor-element-e8cd7c7 elementor-widget elementor-widget-heading\" data-id=\"e8cd7c7\" data-element_type=\"widget\" data-widget_type=\"heading.default\">\n\t\t\t\t<div class=\"elementor-widget-container\">\n\t\t\t<h2 class=\"elementor-heading-title elementor-size-default\">Contact<\/h2>\t\t<\/div>\n\t\t\t\t<\/div>\n\t\t\t\t\t<\/div>\n\t\t<\/div>\n\t\t\t\t\t\t\t<\/div>\n\t\t<\/section>\n\t\t\t\t<section class=\"elementor-section elementor-top-section elementor-element elementor-element-94ba107 elementor-section-boxed elementor-section-height-default elementor-section-height-default\" data-id=\"94ba107\" data-element_type=\"section\">\n\t\t\t\t\t\t<div class=\"elementor-container elementor-column-gap-default\">\n\t\t\t\t\t<div class=\"elementor-column elementor-col-100 elementor-top-column elementor-element elementor-element-095dab8\" data-id=\"095dab8\" data-element_type=\"column\">\n\t\t\t<div class=\"elementor-widget-wrap elementor-element-populated\">\n\t\t\t\t\t\t\t\t<div class=\"elementor-element elementor-element-1c15973 elementor-widget elementor-widget-text-editor\" data-id=\"1c15973\" data-element_type=\"widget\" data-widget_type=\"text-editor.default\">\n\t\t\t\t<div class=\"elementor-widget-container\">\n\t\t\t\t\t\t\t<p>\u00cen cazul \u00een care ave\u021bi \u00eentreb\u0103ri sau dori\u021bi mai multe informa\u021bii, nu ezita\u021bi s\u0103 ne contacta\u021bi:<\/p>\n\t\t\t\t\t\t<\/div>\n\t\t\t\t<\/div>\n\t\t\t\t<section class=\"elementor-section elementor-inner-section elementor-element elementor-element-0609793 elementor-section-boxed elementor-section-height-default elementor-section-height-default\" data-id=\"0609793\" data-element_type=\"section\">\n\t\t\t\t\t\t<div class=\"elementor-container elementor-column-gap-default\">\n\t\t\t\t\t<div class=\"elementor-column elementor-col-50 elementor-inner-column elementor-element elementor-element-716519c\" data-id=\"716519c\" data-element_type=\"column\">\n\t\t\t<div class=\"elementor-widget-wrap elementor-element-populated\">\n\t\t\t\t\t\t\t\t<div class=\"elementor-element elementor-element-e0395b2 uael-wpf-button-center uael-wpf-style-box uael-wpf-input-size-sm uael-wpf-btn-size-sm uael-wpf-highlight-style-default elementor-widget elementor-widget-uael-wpf-styler\" data-id=\"e0395b2\" data-element_type=\"widget\" data-settings=\"{&quot;wpf_input_radius&quot;:{&quot;unit&quot;:&quot;px&quot;,&quot;top&quot;:&quot;10&quot;,&quot;right&quot;:&quot;10&quot;,&quot;bottom&quot;:&quot;10&quot;,&quot;left&quot;:&quot;10&quot;,&quot;isLinked&quot;:true},&quot;wpf_button_align&quot;:&quot;center&quot;,&quot;btn_border_radius&quot;:{&quot;unit&quot;:&quot;px&quot;,&quot;top&quot;:&quot;10&quot;,&quot;right&quot;:&quot;10&quot;,&quot;bottom&quot;:&quot;10&quot;,&quot;left&quot;:&quot;10&quot;,&quot;isLinked&quot;:true},&quot;form_fields_margin&quot;:{&quot;unit&quot;:&quot;px&quot;,&quot;size&quot;:1,&quot;sizes&quot;:[]},&quot;form_label_margin_bottom&quot;:{&quot;unit&quot;:&quot;px&quot;,&quot;size&quot;:0,&quot;sizes&quot;:[]},&quot;form_desc_margin_top&quot;:{&quot;unit&quot;:&quot;px&quot;,&quot;size&quot;:0,&quot;sizes&quot;:[]},&quot;submit_spacing&quot;:{&quot;unit&quot;:&quot;px&quot;,&quot;size&quot;:0,&quot;sizes&quot;:[]},&quot;form_label_margin_bottom_mobile&quot;:{&quot;unit&quot;:&quot;px&quot;,&quot;size&quot;:4,&quot;sizes&quot;:[]},&quot;wpf_input_padding&quot;:{&quot;unit&quot;:&quot;px&quot;,&quot;top&quot;:&quot;&quot;,&quot;right&quot;:&quot;&quot;,&quot;bottom&quot;:&quot;&quot;,&quot;left&quot;:&quot;&quot;,&quot;isLinked&quot;:true},&quot;wpf_input_padding_tablet&quot;:{&quot;unit&quot;:&quot;px&quot;,&quot;top&quot;:&quot;&quot;,&quot;right&quot;:&quot;&quot;,&quot;bottom&quot;:&quot;&quot;,&quot;left&quot;:&quot;&quot;,&quot;isLinked&quot;:true},&quot;wpf_input_padding_mobile&quot;:{&quot;unit&quot;:&quot;px&quot;,&quot;top&quot;:&quot;&quot;,&quot;right&quot;:&quot;&quot;,&quot;bottom&quot;:&quot;&quot;,&quot;left&quot;:&quot;&quot;,&quot;isLinked&quot;:true},&quot;wpf_input_radius_tablet&quot;:{&quot;unit&quot;:&quot;px&quot;,&quot;top&quot;:&quot;&quot;,&quot;right&quot;:&quot;&quot;,&quot;bottom&quot;:&quot;&quot;,&quot;left&quot;:&quot;&quot;,&quot;isLinked&quot;:true},&quot;wpf_input_radius_mobile&quot;:{&quot;unit&quot;:&quot;px&quot;,&quot;top&quot;:&quot;&quot;,&quot;right&quot;:&quot;&quot;,&quot;bottom&quot;:&quot;&quot;,&quot;left&quot;:&quot;&quot;,&quot;isLinked&quot;:true},&quot;wpf_button_padding&quot;:{&quot;unit&quot;:&quot;px&quot;,&quot;top&quot;:&quot;&quot;,&quot;right&quot;:&quot;&quot;,&quot;bottom&quot;:&quot;&quot;,&quot;left&quot;:&quot;&quot;,&quot;isLinked&quot;:true},&quot;wpf_button_padding_tablet&quot;:{&quot;unit&quot;:&quot;px&quot;,&quot;top&quot;:&quot;&quot;,&quot;right&quot;:&quot;&quot;,&quot;bottom&quot;:&quot;&quot;,&quot;left&quot;:&quot;&quot;,&quot;isLinked&quot;:true},&quot;wpf_button_padding_mobile&quot;:{&quot;unit&quot;:&quot;px&quot;,&quot;top&quot;:&quot;&quot;,&quot;right&quot;:&quot;&quot;,&quot;bottom&quot;:&quot;&quot;,&quot;left&quot;:&quot;&quot;,&quot;isLinked&quot;:true},&quot;btn_border_radius_tablet&quot;:{&quot;unit&quot;:&quot;px&quot;,&quot;top&quot;:&quot;&quot;,&quot;right&quot;:&quot;&quot;,&quot;bottom&quot;:&quot;&quot;,&quot;left&quot;:&quot;&quot;,&quot;isLinked&quot;:true},&quot;btn_border_radius_mobile&quot;:{&quot;unit&quot;:&quot;px&quot;,&quot;top&quot;:&quot;&quot;,&quot;right&quot;:&quot;&quot;,&quot;bottom&quot;:&quot;&quot;,&quot;left&quot;:&quot;&quot;,&quot;isLinked&quot;:true},&quot;form_fields_margin_tablet&quot;:{&quot;unit&quot;:&quot;px&quot;,&quot;size&quot;:&quot;&quot;,&quot;sizes&quot;:[]},&quot;form_fields_margin_mobile&quot;:{&quot;unit&quot;:&quot;px&quot;,&quot;size&quot;:&quot;&quot;,&quot;sizes&quot;:[]},&quot;form_label_margin_bottom_tablet&quot;:{&quot;unit&quot;:&quot;px&quot;,&quot;size&quot;:&quot;&quot;,&quot;sizes&quot;:[]},&quot;form_desc_margin_top_tablet&quot;:{&quot;unit&quot;:&quot;px&quot;,&quot;size&quot;:&quot;&quot;,&quot;sizes&quot;:[]},&quot;form_desc_margin_top_mobile&quot;:{&quot;unit&quot;:&quot;px&quot;,&quot;size&quot;:&quot;&quot;,&quot;sizes&quot;:[]},&quot;check_radio_items_spacing&quot;:{&quot;unit&quot;:&quot;px&quot;,&quot;size&quot;:&quot;&quot;,&quot;sizes&quot;:[]},&quot;check_radio_items_spacing_tablet&quot;:{&quot;unit&quot;:&quot;px&quot;,&quot;size&quot;:&quot;&quot;,&quot;sizes&quot;:[]},&quot;check_radio_items_spacing_mobile&quot;:{&quot;unit&quot;:&quot;px&quot;,&quot;size&quot;:&quot;&quot;,&quot;sizes&quot;:[]},&quot;submit_spacing_tablet&quot;:{&quot;unit&quot;:&quot;px&quot;,&quot;size&quot;:&quot;&quot;,&quot;sizes&quot;:[]},&quot;submit_spacing_mobile&quot;:{&quot;unit&quot;:&quot;px&quot;,&quot;size&quot;:&quot;&quot;,&quot;sizes&quot;:[]}}\" data-widget_type=\"uael-wpf-styler.default\">\n\t\t\t\t<div class=\"elementor-widget-container\">\n\t\t\t\t\t\t\t<div class = \"uael-wpf-container\">\n\t\t\t\t\t\t<div class = \"uael-wpf uael-wpf-style elementor-clickable\">\n\t\t\t\t\t\t<div class=\"wpforms-container wpforms-container-full\" id=\"wpforms-926\"><form id=\"wpforms-form-926\" class=\"wpforms-validate wpforms-form\" data-formid=\"926\" method=\"post\" enctype=\"multipart\/form-data\" action=\"\/ro\/wp-json\/wp\/v2\/pages\/1534\" data-token=\"0590d510e57f080dd765f35cc43822bb\"><noscript class=\"wpforms-error-noscript\">Please enable JavaScript in your browser to complete this form.<\/noscript><div class=\"wpforms-field-container\"><div id=\"wpforms-926-field_0-container\" class=\"wpforms-field wpforms-field-name\" data-field-id=\"0\"><label class=\"wpforms-field-label\" for=\"wpforms-926-field_0\">Nume <span class=\"wpforms-required-label\">*<\/span><\/label><input type=\"text\" id=\"wpforms-926-field_0\" class=\"wpforms-field-medium wpforms-field-required\" name=\"wpforms[fields][0]\" required><\/div><div id=\"wpforms-926-field_1-container\" class=\"wpforms-field wpforms-field-email\" data-field-id=\"1\"><label class=\"wpforms-field-label\" for=\"wpforms-926-field_1\">E-mail  <span class=\"wpforms-required-label\">*<\/span><\/label><input type=\"email\" id=\"wpforms-926-field_1\" class=\"wpforms-field-medium wpforms-field-required\" name=\"wpforms[fields][1]\" required><\/div><div id=\"wpforms-926-field_3-container\" class=\"wpforms-field wpforms-field-text\" data-field-id=\"3\"><label class=\"wpforms-field-label\" for=\"wpforms-926-field_3\">Telefon<\/label><input type=\"text\" id=\"wpforms-926-field_3\" class=\"wpforms-field-medium\" name=\"wpforms[fields][3]\" ><\/div><div id=\"wpforms-926-field_2-container\" class=\"wpforms-field wpforms-field-textarea\" data-field-id=\"2\"><label class=\"wpforms-field-label\" for=\"wpforms-926-field_2\">Mesaj <span class=\"wpforms-required-label\">*<\/span><\/label><textarea id=\"wpforms-926-field_2\" class=\"wpforms-field-medium wpforms-field-required\" name=\"wpforms[fields][2]\" required><\/textarea><\/div><div id=\"wpforms-926-field_4-container\" class=\"wpforms-field wpforms-field-checkbox\" data-field-id=\"4\"><label class=\"wpforms-field-label wpforms-label-hide\" for=\"wpforms-926-field_4\">Adatv\u00e9delem <span class=\"wpforms-required-label\">*<\/span><\/label><ul id=\"wpforms-926-field_4\" class=\"wpforms-field-required\"><li class=\"choice-1 depth-1\"><input type=\"checkbox\" id=\"wpforms-926-field_4_1\" name=\"wpforms[fields][4][]\" value=\"Sunt de acord cu prelucrarea datelor \u00een conformitate cu &lt;a href=&quot;https:\/\/dosa.ro\/politica-de-confidentialitate\/&quot;&gt;politica de confiden\u021bialitate &lt;\/a&gt;\u0219i &lt;a href=https:\/\/dosa.ro\/politica-de-cookies\/&gt;securitate a datelor&lt;\/a&gt; cu caracter personal\" required ><label class=\"wpforms-field-label-inline\" for=\"wpforms-926-field_4_1\">Sunt de acord cu prelucrarea datelor \u00een conformitate cu <a href=\"https:\/\/dosa.ro\/politica-de-confidentialitate\/\">politica de confiden\u021bialitate <\/a>\u0219i <a href=\"https:\/\/dosa.ro\/politica-de-cookies\/\" \/>securitate a datelor<\/a> cu caracter personal<\/label><\/li><\/ul><\/div><\/div><div class=\"wpforms-submit-container\"><input type=\"hidden\" name=\"wpforms[id]\" value=\"926\"><input type=\"hidden\" name=\"wpforms[author]\" value=\"1\"><button type=\"submit\" name=\"wpforms[submit]\" id=\"wpforms-submit-926\" class=\"wpforms-submit\" data-alt-text=\"Se trimite...\" data-submit-text=\"Trimite\" aria-live=\"assertive\" value=\"wpforms-submit\">Trimite<\/button><\/div><\/form><\/div>  <!-- .wpforms-container -->\t\t\t\t\t<\/div>\n\t\t\t\t<\/div>\n\t\t\t\t\t\t<\/div>\n\t\t\t\t<\/div>\n\t\t\t\t\t<\/div>\n\t\t<\/div>\n\t\t\t\t<div class=\"elementor-column elementor-col-50 elementor-inner-column elementor-element elementor-element-1aa8771\" data-id=\"1aa8771\" data-element_type=\"column\" data-settings=\"{&quot;background_background&quot;:&quot;classic&quot;}\">\n\t\t\t<div class=\"elementor-widget-wrap elementor-element-populated\">\n\t\t\t\t\t\t\t\t<div class=\"elementor-element elementor-element-52e43f5 elementor-widget elementor-widget-heading\" data-id=\"52e43f5\" data-element_type=\"widget\" data-widget_type=\"heading.default\">\n\t\t\t\t<div class=\"elementor-widget-container\">\n\t\t\t<h2 class=\"elementor-heading-title elementor-size-default\">Informa\u021bii de contact<\/h2>\t\t<\/div>\n\t\t\t\t<\/div>\n\t\t\t\t<div class=\"elementor-element elementor-element-9504e5b elementor-align-center elementor-icon-list--layout-traditional elementor-list-item-link-full_width elementor-widget elementor-widget-icon-list\" data-id=\"9504e5b\" data-element_type=\"widget\" data-widget_type=\"icon-list.default\">\n\t\t\t\t<div class=\"elementor-widget-container\">\n\t\t\t\t\t<ul class=\"elementor-icon-list-items\">\n\t\t\t\t\t\t\t<li class=\"elementor-icon-list-item\">\n\t\t\t\t\t\t\t\t\t\t\t<span class=\"elementor-icon-list-icon\">\n\t\t\t\t\t\t\t<i aria-hidden=\"true\" class=\"fas fa-mail-bulk\"><\/i>\t\t\t\t\t\t<\/span>\n\t\t\t\t\t\t\t\t\t\t<span class=\"elementor-icon-list-text\">agroproddosa@yahoo.com<\/span>\n\t\t\t\t\t\t\t\t\t<\/li>\n\t\t\t\t\t\t\t\t<li class=\"elementor-icon-list-item\">\n\t\t\t\t\t\t\t\t\t\t\t<span class=\"elementor-icon-list-icon\">\n\t\t\t\t\t\t\t<i aria-hidden=\"true\" class=\"fas fa-phone-alt\"><\/i>\t\t\t\t\t\t<\/span>\n\t\t\t\t\t\t\t\t\t\t<span class=\"elementor-icon-list-text\">0265717782<\/span>\n\t\t\t\t\t\t\t\t\t<\/li>\n\t\t\t\t\t\t\t\t<li class=\"elementor-icon-list-item\">\n\t\t\t\t\t\t\t\t\t\t\t<span class=\"elementor-icon-list-icon\">\n\t\t\t\t\t\t\t<i aria-hidden=\"true\" class=\"fas fa-phone-alt\"><\/i>\t\t\t\t\t\t<\/span>\n\t\t\t\t\t\t\t\t\t\t<span class=\"elementor-icon-list-text\">0265717708<\/span>\n\t\t\t\t\t\t\t\t\t<\/li>\n\t\t\t\t\t\t\t\t<li class=\"elementor-icon-list-item\">\n\t\t\t\t\t\t\t\t\t\t\t<span class=\"elementor-icon-list-icon\">\n\t\t\t\t\t\t\t<i aria-hidden=\"true\" class=\"fas fa-mobile-alt\"><\/i>\t\t\t\t\t\t<\/span>\n\t\t\t\t\t\t\t\t\t\t<span class=\"elementor-icon-list-text\">07370713731<\/span>\n\t\t\t\t\t\t\t\t\t<\/li>\n\t\t\t\t\t\t<\/ul>\n\t\t\t\t<\/div>\n\t\t\t\t<\/div>\n\t\t\t\t<div class=\"elementor-element elementor-element-1f597a8 elementor-widget elementor-widget-image\" data-id=\"1f597a8\" data-element_type=\"widget\" data-widget_type=\"image.default\">\n\t\t\t\t<div class=\"elementor-widget-container\">\n\t\t\t\t\t\t\t\t\t\t\t\t\t\t\t<img loading=\"lazy\" decoding=\"async\" width=\"1024\" height=\"683\" src=\"https:\/\/dosa.ro\/wp-content\/uploads\/2021\/06\/5810-1024x683.jpg\" class=\"attachment-large size-large\" alt=\"\" srcset=\"https:\/\/dosa.ro\/wp-content\/uploads\/2021\/06\/5810-1024x683.jpg 1024w, https:\/\/dosa.ro\/wp-content\/uploads\/2021\/06\/5810-300x200.jpg 300w, https:\/\/dosa.ro\/wp-content\/uploads\/2021\/06\/5810-768x513.jpg 768w, https:\/\/dosa.ro\/wp-content\/uploads\/2021\/06\/5810-1536x1025.jpg 1536w, https:\/\/dosa.ro\/wp-content\/uploads\/2021\/06\/5810-2048x1367.jpg 2048w\" sizes=\"auto, (max-width: 1024px) 100vw, 1024px\" \/>\t\t\t\t\t\t\t\t\t\t\t\t\t\t\t<\/div>\n\t\t\t\t<\/div>\n\t\t\t\t\t<\/div>\n\t\t<\/div>\n\t\t\t\t\t\t\t<\/div>\n\t\t<\/section>\n\t\t\t\t<div class=\"elementor-element elementor-element-1b6ccdb elementor-widget elementor-widget-google_maps\" data-id=\"1b6ccdb\" data-element_type=\"widget\" data-widget_type=\"google_maps.default\">\n\t\t\t\t<div class=\"elementor-widget-container\">\n\t\t\t\t\t<div class=\"elementor-custom-embed\">\n\t\t\t<iframe frameborder=\"0\" scrolling=\"no\" marginheight=\"0\" marginwidth=\"0\"\n\t\t\t\t\tsrc=\"https:\/\/maps.google.com\/maps?q=Chibed%2C%20str%20Principala%20nr%20759&#038;t=m&#038;z=10&#038;output=embed&#038;iwloc=near\"\n\t\t\t\t\ttitle=\"Chibed, str Principala nr 759\"\n\t\t\t\t\taria-label=\"Chibed, str Principala nr 759\"\n\t\t\t><\/iframe>\n\t\t<\/div>\n\t\t\t\t<\/div>\n\t\t\t\t<\/div>\n\t\t\t\t\t<\/div>\n\t\t<\/div>\n\t\t\t\t\t\t\t<\/div>\n\t\t<\/section>\n\t\t\t\t\t\t\t<\/div>\n\t\t","protected":false},"excerpt":{"rendered":"<p>Contact \u00cen cazul \u00een care ave\u021bi \u00eentreb\u0103ri sau dori\u021bi mai multe informa\u021bii, nu ezita\u021bi s\u0103 ne contacta\u021bi: Please enable JavaScript in your browser to complete this form.N\u00e9v *E-mail *Telefonsz\u00e1m\u00dczenet *K\u00fcld\u00e9s Informa\u021bii de contact agroproddosa@yahoo.com 0265717782 0265717708 07370713731<\/p>\n","protected":false},"author":1,"featured_media":0,"parent":0,"menu_order":0,"comment_status":"closed","ping_status":"closed","template":"","meta":{"site-sidebar-layout":"no-sidebar","site-content-layout":"page-builder","ast-global-header-display":"","ast-main-header-display":"","ast-hfb-above-header-display":"","ast-hfb-below-header-display":"","ast-hfb-mobile-header-display":"","site-post-title":"disabled","ast-breadcrumbs-content":"","ast-featured-img":"disabled","footer-sml-layout":"","theme-transparent-header-meta":"default","adv-header-id-meta":"","stick-header-meta":"","header-above-stick-meta":"","header-main-stick-meta":"","header-below-stick-meta":"","footnotes":""},"class_list":["post-1534","page","type-page","status-publish","hentry"],"yoast_head":"<!-- This site is optimized with the Yoast SEO plugin v19.9 - https:\/\/yoast.com\/wordpress\/plugins\/seo\/ -->\n<title>Contact - D\u00f3sa | Ave\u021bi \u00eentreb\u0103ri? Nu ezita\u021bi s\u0103 ne contacta\u021bi<\/title>\n<meta name=\"description\" content=\"\u00cen cazul \u00een care ave\u021bi \u00eentreb\u0103ri sau dori\u021bi mai multe informa\u021bii, nu ezita\u021bi s\u0103 ne contacta\u021bi: agroproddosa@yahoo.com &amp; 0265717782\" \/>\n<meta name=\"robots\" content=\"index, follow, max-snippet:-1, max-image-preview:large, max-video-preview:-1\" \/>\n<link rel=\"canonical\" href=\"https:\/\/dosa.ro\/ro\/contact\/\" \/>\n<meta property=\"og:locale\" content=\"ro_RO\" \/>\n<meta property=\"og:type\" content=\"article\" \/>\n<meta property=\"og:title\" content=\"Contact - D\u00f3sa | Ave\u021bi \u00eentreb\u0103ri? Nu ezita\u021bi s\u0103 ne contacta\u021bi\" \/>\n<meta property=\"og:description\" content=\"\u00cen cazul \u00een care ave\u021bi \u00eentreb\u0103ri sau dori\u021bi mai multe informa\u021bii, nu ezita\u021bi s\u0103 ne contacta\u021bi: agroproddosa@yahoo.com &amp; 0265717782\" \/>\n<meta property=\"og:url\" content=\"https:\/\/dosa.ro\/ro\/contact\/\" \/>\n<meta property=\"og:site_name\" content=\"D\u00f3sa\" \/>\n<meta property=\"article:modified_time\" content=\"2021-12-15T15:57:29+00:00\" \/>\n<meta property=\"og:image\" content=\"https:\/\/dosa.ro\/wp-content\/uploads\/2021\/06\/5810-1024x683.jpg\" \/>\n<meta name=\"twitter:card\" content=\"summary_large_image\" \/>\n<meta name=\"twitter:label1\" content=\"Timp estimat pentru citire\" \/>\n\t<meta name=\"twitter:data1\" content=\"1 minut\" \/>\n<script type=\"application\/ld+json\" class=\"yoast-schema-graph\">{\"@context\":\"https:\/\/schema.org\",\"@graph\":[{\"@type\":\"WebPage\",\"@id\":\"https:\/\/dosa.ro\/ro\/contact\/\",\"url\":\"https:\/\/dosa.ro\/ro\/contact\/\",\"name\":\"Contact - D\u00f3sa | Ave\u021bi \u00eentreb\u0103ri? Nu ezita\u021bi s\u0103 ne contacta\u021bi\",\"isPartOf\":{\"@id\":\"https:\/\/dosa.ro\/ro\/#website\"},\"datePublished\":\"2021-09-28T11:16:08+00:00\",\"dateModified\":\"2021-12-15T15:57:29+00:00\",\"description\":\"\u00cen cazul \u00een care ave\u021bi \u00eentreb\u0103ri sau dori\u021bi mai multe informa\u021bii, nu ezita\u021bi s\u0103 ne contacta\u021bi: agroproddosa@yahoo.com & 0265717782\",\"breadcrumb\":{\"@id\":\"https:\/\/dosa.ro\/ro\/contact\/#breadcrumb\"},\"inLanguage\":\"ro-RO\",\"potentialAction\":[{\"@type\":\"ReadAction\",\"target\":[\"https:\/\/dosa.ro\/ro\/contact\/\"]}]},{\"@type\":\"BreadcrumbList\",\"@id\":\"https:\/\/dosa.ro\/ro\/contact\/#breadcrumb\",\"itemListElement\":[{\"@type\":\"ListItem\",\"position\":1,\"name\":\"Kezd\u0151lap\",\"item\":\"https:\/\/dosa.ro\/ro\/\"},{\"@type\":\"ListItem\",\"position\":2,\"name\":\"Contact\"}]},{\"@type\":\"WebSite\",\"@id\":\"https:\/\/dosa.ro\/ro\/#website\",\"url\":\"https:\/\/dosa.ro\/ro\/\",\"name\":\"D\u00f3sa\",\"description\":\"Dosa\",\"publisher\":{\"@id\":\"https:\/\/dosa.ro\/ro\/#organization\"},\"potentialAction\":[{\"@type\":\"SearchAction\",\"target\":{\"@type\":\"EntryPoint\",\"urlTemplate\":\"https:\/\/dosa.ro\/ro\/?s={search_term_string}\"},\"query-input\":\"required name=search_term_string\"}],\"inLanguage\":\"ro-RO\"},{\"@type\":\"Organization\",\"@id\":\"https:\/\/dosa.ro\/ro\/#organization\",\"name\":\"AGRO PROD COM DOSA SRL\",\"url\":\"https:\/\/dosa.ro\/ro\/\",\"logo\":{\"@type\":\"ImageObject\",\"inLanguage\":\"ro-RO\",\"@id\":\"https:\/\/dosa.ro\/ro\/#\/schema\/logo\/image\/\",\"url\":\"https:\/\/dosa.ro\/wp-content\/uploads\/2021\/06\/cropped-logo-1.png\",\"contentUrl\":\"https:\/\/dosa.ro\/wp-content\/uploads\/2021\/06\/cropped-logo-1.png\",\"width\":512,\"height\":512,\"caption\":\"AGRO PROD COM DOSA SRL\"},\"image\":{\"@id\":\"https:\/\/dosa.ro\/ro\/#\/schema\/logo\/image\/\"}}]}<\/script>\n<!-- \/ Yoast SEO plugin. -->","yoast_head_json":{"title":"Contact - D\u00f3sa | Ave\u021bi \u00eentreb\u0103ri? Nu ezita\u021bi s\u0103 ne contacta\u021bi","description":"\u00cen cazul \u00een care ave\u021bi \u00eentreb\u0103ri sau dori\u021bi mai multe informa\u021bii, nu ezita\u021bi s\u0103 ne contacta\u021bi: agroproddosa@yahoo.com & 0265717782","robots":{"index":"index","follow":"follow","max-snippet":"max-snippet:-1","max-image-preview":"max-image-preview:large","max-video-preview":"max-video-preview:-1"},"canonical":"https:\/\/dosa.ro\/ro\/contact\/","og_locale":"ro_RO","og_type":"article","og_title":"Contact - D\u00f3sa | Ave\u021bi \u00eentreb\u0103ri? Nu ezita\u021bi s\u0103 ne contacta\u021bi","og_description":"\u00cen cazul \u00een care ave\u021bi \u00eentreb\u0103ri sau dori\u021bi mai multe informa\u021bii, nu ezita\u021bi s\u0103 ne contacta\u021bi: agroproddosa@yahoo.com & 0265717782","og_url":"https:\/\/dosa.ro\/ro\/contact\/","og_site_name":"D\u00f3sa","article_modified_time":"2021-12-15T15:57:29+00:00","og_image":[{"url":"https:\/\/dosa.ro\/wp-content\/uploads\/2021\/06\/5810-1024x683.jpg"}],"twitter_card":"summary_large_image","twitter_misc":{"Timp estimat pentru citire":"1 minut"},"schema":{"@context":"https:\/\/schema.org","@graph":[{"@type":"WebPage","@id":"https:\/\/dosa.ro\/ro\/contact\/","url":"https:\/\/dosa.ro\/ro\/contact\/","name":"Contact - D\u00f3sa | Ave\u021bi \u00eentreb\u0103ri? Nu ezita\u021bi s\u0103 ne contacta\u021bi","isPartOf":{"@id":"https:\/\/dosa.ro\/ro\/#website"},"datePublished":"2021-09-28T11:16:08+00:00","dateModified":"2021-12-15T15:57:29+00:00","description":"\u00cen cazul \u00een care ave\u021bi \u00eentreb\u0103ri sau dori\u021bi mai multe informa\u021bii, nu ezita\u021bi s\u0103 ne contacta\u021bi: agroproddosa@yahoo.com & 0265717782","breadcrumb":{"@id":"https:\/\/dosa.ro\/ro\/contact\/#breadcrumb"},"inLanguage":"ro-RO","potentialAction":[{"@type":"ReadAction","target":["https:\/\/dosa.ro\/ro\/contact\/"]}]},{"@type":"BreadcrumbList","@id":"https:\/\/dosa.ro\/ro\/contact\/#breadcrumb","itemListElement":[{"@type":"ListItem","position":1,"name":"Kezd\u0151lap","item":"https:\/\/dosa.ro\/ro\/"},{"@type":"ListItem","position":2,"name":"Contact"}]},{"@type":"WebSite","@id":"https:\/\/dosa.ro\/ro\/#website","url":"https:\/\/dosa.ro\/ro\/","name":"D\u00f3sa","description":"Dosa","publisher":{"@id":"https:\/\/dosa.ro\/ro\/#organization"},"potentialAction":[{"@type":"SearchAction","target":{"@type":"EntryPoint","urlTemplate":"https:\/\/dosa.ro\/ro\/?s={search_term_string}"},"query-input":"required name=search_term_string"}],"inLanguage":"ro-RO"},{"@type":"Organization","@id":"https:\/\/dosa.ro\/ro\/#organization","name":"AGRO PROD COM DOSA SRL","url":"https:\/\/dosa.ro\/ro\/","logo":{"@type":"ImageObject","inLanguage":"ro-RO","@id":"https:\/\/dosa.ro\/ro\/#\/schema\/logo\/image\/","url":"https:\/\/dosa.ro\/wp-content\/uploads\/2021\/06\/cropped-logo-1.png","contentUrl":"https:\/\/dosa.ro\/wp-content\/uploads\/2021\/06\/cropped-logo-1.png","width":512,"height":512,"caption":"AGRO PROD COM DOSA SRL"},"image":{"@id":"https:\/\/dosa.ro\/ro\/#\/schema\/logo\/image\/"}}]}},"_links":{"self":[{"href":"https:\/\/dosa.ro\/ro\/wp-json\/wp\/v2\/pages\/1534","targetHints":{"allow":["GET"]}}],"collection":[{"href":"https:\/\/dosa.ro\/ro\/wp-json\/wp\/v2\/pages"}],"about":[{"href":"https:\/\/dosa.ro\/ro\/wp-json\/wp\/v2\/types\/page"}],"author":[{"embeddable":true,"href":"https:\/\/dosa.ro\/ro\/wp-json\/wp\/v2\/users\/1"}],"replies":[{"embeddable":true,"href":"https:\/\/dosa.ro\/ro\/wp-json\/wp\/v2\/comments?post=1534"}],"version-history":[{"count":0,"href":"https:\/\/dosa.ro\/ro\/wp-json\/wp\/v2\/pages\/1534\/revisions"}],"wp:attachment":[{"href":"https:\/\/dosa.ro\/ro\/wp-json\/wp\/v2\/media?parent=1534"}],"curies":[{"name":"wp","href":"https:\/\/api.w.org\/{rel}","templated":true}]}}