{"id":1608,"date":"2021-09-28T12:01:01","date_gmt":"2021-09-28T12:01:01","guid":{"rendered":"https:\/\/dosa.ro\/carnati-de-casa-afumati\/"},"modified":"2021-12-13T09:24:06","modified_gmt":"2021-12-13T09:24:06","slug":"carnati-de-casa-afumati","status":"publish","type":"page","link":"https:\/\/dosa.ro\/ro\/carnati-de-casa-afumati\/","title":{"rendered":"C\u00e2rna\u021bi de cas\u0103 afuma\u021bi"},"content":{"rendered":"\t\t<div data-elementor-type=\"wp-page\" data-elementor-id=\"1608\" class=\"elementor elementor-1608 elementor-313\">\n\t\t\t\t\t\t\t\t\t<section class=\"elementor-section elementor-top-section elementor-element elementor-element-8399015 elementor-section-height-min-height elementor-section-boxed elementor-section-height-default elementor-section-items-middle\" data-id=\"8399015\" data-element_type=\"section\" data-settings=\"{&quot;background_background&quot;:&quot;classic&quot;}\">\n\t\t\t\t\t\t<div class=\"elementor-container elementor-column-gap-default\">\n\t\t\t\t\t<div class=\"elementor-column elementor-col-100 elementor-top-column elementor-element elementor-element-3adb2bc\" data-id=\"3adb2bc\" data-element_type=\"column\" data-settings=\"{&quot;background_background&quot;:&quot;classic&quot;}\">\n\t\t\t<div class=\"elementor-widget-wrap elementor-element-populated\">\n\t\t\t\t\t<div class=\"elementor-background-overlay\"><\/div>\n\t\t\t\t\t\t\t\t<div class=\"elementor-element elementor-element-beb1bc0 elementor-hidden-mobile elementor-widget elementor-widget-premium-addon-title\" data-id=\"beb1bc0\" data-element_type=\"widget\" data-widget_type=\"premium-addon-title.default\">\n\t\t\t\t<div class=\"elementor-widget-container\">\n\t\t\t\r\n\t<div class=\"premium-title-container style3\">\r\n\t\t<h2 class=\"premium-title-header premium-title-style3\">\r\n\t\t\t\r\n\t\t\t\r\n\t\t\t\t\t\t\t\t\t<span class=\"premium-title-text\" >\r\n\t\t\t\tC\u00e2rna\u021bi de cas\u0103 afuma\u021bi\t\t\t<\/span>\r\n\t\t\t\t\r\n\t\t\t\t\t\t\t\t<\/h2>\r\n\t<\/div>\r\n\r\n\t\t\t\t<\/div>\n\t\t\t\t<\/div>\n\t\t\t\t<div class=\"elementor-element elementor-element-aba6b4e elementor-hidden-desktop elementor-hidden-tablet elementor-widget elementor-widget-heading\" data-id=\"aba6b4e\" data-element_type=\"widget\" data-widget_type=\"heading.default\">\n\t\t\t\t<div class=\"elementor-widget-container\">\n\t\t\t<h2 class=\"elementor-heading-title elementor-size-default\">C\u00e2rna\u021bi de cas\u0103 afuma\u021bi<\/h2>\t\t<\/div>\n\t\t\t\t<\/div>\n\t\t\t\t\t<\/div>\n\t\t<\/div>\n\t\t\t\t\t\t\t<\/div>\n\t\t<\/section>\n\t\t\t\t<section class=\"elementor-section elementor-top-section elementor-element elementor-element-69f88a4 elementor-section-boxed elementor-section-height-default elementor-section-height-default\" data-id=\"69f88a4\" data-element_type=\"section\">\n\t\t\t\t\t\t<div class=\"elementor-container elementor-column-gap-default\">\n\t\t\t\t\t<div class=\"elementor-column elementor-col-100 elementor-top-column elementor-element elementor-element-1e7e8b3\" data-id=\"1e7e8b3\" data-element_type=\"column\">\n\t\t\t<div class=\"elementor-widget-wrap elementor-element-populated\">\n\t\t\t\t\t\t\t\t<div class=\"elementor-element elementor-element-be5b3f9 elementor-widget-divider--separator-type-pattern elementor-widget-divider--view-line elementor-widget elementor-widget-divider\" data-id=\"be5b3f9\" data-element_type=\"widget\" data-widget_type=\"divider.default\">\n\t\t\t\t<div class=\"elementor-widget-container\">\n\t\t\t\t\t<div class=\"elementor-divider\" style=\"--divider-pattern-url: url(&quot;data:image\/svg+xml,%3Csvg xmlns=&#039;http:\/\/www.w3.org\/2000\/svg&#039; preserveAspectRatio=&#039;none&#039; overflow=&#039;visible&#039; height=&#039;100%&#039; viewBox=&#039;0 0 24 24&#039; fill=&#039;none&#039; stroke=&#039;black&#039; stroke-width=&#039;1&#039; stroke-linecap=&#039;square&#039; stroke-miterlimit=&#039;10&#039;%3E%3Cpath d=&#039;M0,6c6,0,6,13,12,13S18,6,24,6&#039;\/%3E%3C\/svg%3E&quot;);\">\n\t\t\t<span class=\"elementor-divider-separator\">\n\t\t\t\t\t\t<\/span>\n\t\t<\/div>\n\t\t\t\t<\/div>\n\t\t\t\t<\/div>\n\t\t\t\t\t<\/div>\n\t\t<\/div>\n\t\t\t\t\t\t\t<\/div>\n\t\t<\/section>\n\t\t\t\t<section class=\"elementor-section elementor-top-section elementor-element elementor-element-1dcf2b0 elementor-section-boxed elementor-section-height-default elementor-section-height-default\" data-id=\"1dcf2b0\" data-element_type=\"section\">\n\t\t\t\t\t\t<div class=\"elementor-container elementor-column-gap-default\">\n\t\t\t\t\t<div class=\"elementor-column elementor-col-50 elementor-top-column elementor-element elementor-element-9bc27f4\" data-id=\"9bc27f4\" data-element_type=\"column\">\n\t\t\t<div class=\"elementor-widget-wrap elementor-element-populated\">\n\t\t\t\t\t\t\t\t<div class=\"elementor-element elementor-element-e81050d elementor-hidden-mobile uael-ins-normal uael-img-caption-valign-bottom elementor-widget elementor-widget-uael-image-gallery\" data-id=\"e81050d\" data-element_type=\"widget\" data-settings=\"{&quot;justified_margin&quot;:{&quot;unit&quot;:&quot;px&quot;,&quot;size&quot;:3,&quot;sizes&quot;:[]},&quot;justified_margin_tablet&quot;:{&quot;unit&quot;:&quot;px&quot;,&quot;size&quot;:&quot;&quot;,&quot;sizes&quot;:[]},&quot;justified_margin_mobile&quot;:{&quot;unit&quot;:&quot;px&quot;,&quot;size&quot;:&quot;&quot;,&quot;sizes&quot;:[]},&quot;caption_padding&quot;:{&quot;unit&quot;:&quot;px&quot;,&quot;top&quot;:&quot;&quot;,&quot;right&quot;:&quot;&quot;,&quot;bottom&quot;:&quot;&quot;,&quot;left&quot;:&quot;&quot;,&quot;isLinked&quot;:true},&quot;caption_padding_tablet&quot;:{&quot;unit&quot;:&quot;px&quot;,&quot;top&quot;:&quot;&quot;,&quot;right&quot;:&quot;&quot;,&quot;bottom&quot;:&quot;&quot;,&quot;left&quot;:&quot;&quot;,&quot;isLinked&quot;:true},&quot;caption_padding_mobile&quot;:{&quot;unit&quot;:&quot;px&quot;,&quot;top&quot;:&quot;&quot;,&quot;right&quot;:&quot;&quot;,&quot;bottom&quot;:&quot;&quot;,&quot;left&quot;:&quot;&quot;,&quot;isLinked&quot;:true}}\" data-widget_type=\"uael-image-gallery.default\">\n\t\t\t\t<div class=\"elementor-widget-container\">\n\t\t\t<div class=\"uael-gallery-parent uael-caption-on-hover \"><div class=\"uael-img-gallery-wrap uael-img-justified-wrap uael-img-grid-masonry-wrap uael-image-lightbox-wrap\" data-filter-default=\"Toate\" data-rowheight=\"163\" data-lastrow=\"justify\" data-lightbox_actions=\"[&quot;close&quot;]\" data-lightbox-gallery-loop=\"\"><div class=\"uael-grid-item \"><div class=\"uael-grid-item-content\"><a class=\"uael-grid-img uael-grid-gallery-img uael-ins-hover elementor-clickable\" data-fancybox=\"uael-gallery\" href=\"https:\/\/dosa.ro\/wp-content\/uploads\/2021\/06\/DSC_3012.jpg\" data-elementor-open-lightbox=\"no\"><div class=\"uael-grid-img-thumbnail uael-ins-target\"><img loading=\"lazy\" decoding=\"async\" width=\"2048\" height=\"1367\" src=\"https:\/\/dosa.ro\/wp-content\/uploads\/2021\/06\/DSC_3012.jpg\" class=\"attachment-full size-full\" alt=\"\" \/><\/div><div class=\"uael-grid-img-overlay\"><\/div><\/a><\/div><\/div><div class=\"uael-grid-item \"><div class=\"uael-grid-item-content\"><a class=\"uael-grid-img uael-grid-gallery-img uael-ins-hover elementor-clickable\" data-fancybox=\"uael-gallery\" href=\"https:\/\/dosa.ro\/wp-content\/uploads\/2021\/06\/DSC_3060.jpg\" data-elementor-open-lightbox=\"no\"><div class=\"uael-grid-img-thumbnail uael-ins-target\"><img loading=\"lazy\" decoding=\"async\" width=\"2048\" height=\"1367\" src=\"https:\/\/dosa.ro\/wp-content\/uploads\/2021\/06\/DSC_3060.jpg\" class=\"attachment-full size-full\" alt=\"\" \/><\/div><div class=\"uael-grid-img-overlay\"><\/div><\/a><\/div><\/div><div class=\"uael-grid-item \"><div class=\"uael-grid-item-content\"><a class=\"uael-grid-img uael-grid-gallery-img uael-ins-hover elementor-clickable\" data-fancybox=\"uael-gallery\" href=\"https:\/\/dosa.ro\/wp-content\/uploads\/2021\/06\/DSC_3066.jpg\" data-elementor-open-lightbox=\"no\"><div class=\"uael-grid-img-thumbnail uael-ins-target\"><img loading=\"lazy\" decoding=\"async\" width=\"2048\" height=\"1367\" src=\"https:\/\/dosa.ro\/wp-content\/uploads\/2021\/06\/DSC_3066.jpg\" class=\"attachment-full size-full\" alt=\"\" \/><\/div><div class=\"uael-grid-img-overlay\"><\/div><\/a><\/div><\/div><\/div><\/div>\t\t<\/div>\n\t\t\t\t<\/div>\n\t\t\t\t<div class=\"elementor-element elementor-element-a67e6e7 elementor-hidden-desktop elementor-hidden-tablet uael-ins-normal uael-img-caption-valign-bottom elementor-widget elementor-widget-uael-image-gallery\" data-id=\"a67e6e7\" data-element_type=\"widget\" data-settings=\"{&quot;justified_margin&quot;:{&quot;unit&quot;:&quot;px&quot;,&quot;size&quot;:3,&quot;sizes&quot;:[]},&quot;justified_margin_tablet&quot;:{&quot;unit&quot;:&quot;px&quot;,&quot;size&quot;:&quot;&quot;,&quot;sizes&quot;:[]},&quot;justified_margin_mobile&quot;:{&quot;unit&quot;:&quot;px&quot;,&quot;size&quot;:&quot;&quot;,&quot;sizes&quot;:[]},&quot;caption_padding&quot;:{&quot;unit&quot;:&quot;px&quot;,&quot;top&quot;:&quot;&quot;,&quot;right&quot;:&quot;&quot;,&quot;bottom&quot;:&quot;&quot;,&quot;left&quot;:&quot;&quot;,&quot;isLinked&quot;:true},&quot;caption_padding_tablet&quot;:{&quot;unit&quot;:&quot;px&quot;,&quot;top&quot;:&quot;&quot;,&quot;right&quot;:&quot;&quot;,&quot;bottom&quot;:&quot;&quot;,&quot;left&quot;:&quot;&quot;,&quot;isLinked&quot;:true},&quot;caption_padding_mobile&quot;:{&quot;unit&quot;:&quot;px&quot;,&quot;top&quot;:&quot;&quot;,&quot;right&quot;:&quot;&quot;,&quot;bottom&quot;:&quot;&quot;,&quot;left&quot;:&quot;&quot;,&quot;isLinked&quot;:true}}\" data-widget_type=\"uael-image-gallery.default\">\n\t\t\t\t<div class=\"elementor-widget-container\">\n\t\t\t<div class=\"uael-gallery-parent uael-caption-on-hover \"><div class=\"uael-img-gallery-wrap uael-img-justified-wrap uael-img-grid-masonry-wrap uael-image-lightbox-wrap\" data-filter-default=\"All\" data-rowheight=\"93\" data-lastrow=\"justify\" data-lightbox_actions=\"[&quot;close&quot;]\" data-lightbox-gallery-loop=\"\"><div class=\"uael-grid-item \"><div class=\"uael-grid-item-content\"><a class=\"uael-grid-img uael-grid-gallery-img uael-ins-hover elementor-clickable\" data-fancybox=\"uael-gallery\" href=\"https:\/\/dosa.ro\/wp-content\/uploads\/2021\/06\/DSC_3012.jpg\" data-elementor-open-lightbox=\"no\"><div class=\"uael-grid-img-thumbnail uael-ins-target\"><img loading=\"lazy\" decoding=\"async\" width=\"2048\" height=\"1367\" src=\"https:\/\/dosa.ro\/wp-content\/uploads\/2021\/06\/DSC_3012.jpg\" class=\"attachment-full size-full\" alt=\"\" \/><\/div><div class=\"uael-grid-img-overlay\"><\/div><\/a><\/div><\/div><div class=\"uael-grid-item \"><div class=\"uael-grid-item-content\"><a class=\"uael-grid-img uael-grid-gallery-img uael-ins-hover elementor-clickable\" data-fancybox=\"uael-gallery\" href=\"https:\/\/dosa.ro\/wp-content\/uploads\/2021\/06\/DSC_3060.jpg\" data-elementor-open-lightbox=\"no\"><div class=\"uael-grid-img-thumbnail uael-ins-target\"><img loading=\"lazy\" decoding=\"async\" width=\"2048\" height=\"1367\" src=\"https:\/\/dosa.ro\/wp-content\/uploads\/2021\/06\/DSC_3060.jpg\" class=\"attachment-full size-full\" alt=\"\" \/><\/div><div class=\"uael-grid-img-overlay\"><\/div><\/a><\/div><\/div><div class=\"uael-grid-item \"><div class=\"uael-grid-item-content\"><a class=\"uael-grid-img uael-grid-gallery-img uael-ins-hover elementor-clickable\" data-fancybox=\"uael-gallery\" href=\"https:\/\/dosa.ro\/wp-content\/uploads\/2021\/06\/DSC_3066.jpg\" data-elementor-open-lightbox=\"no\"><div class=\"uael-grid-img-thumbnail uael-ins-target\"><img loading=\"lazy\" decoding=\"async\" width=\"2048\" height=\"1367\" src=\"https:\/\/dosa.ro\/wp-content\/uploads\/2021\/06\/DSC_3066.jpg\" class=\"attachment-full size-full\" alt=\"\" \/><\/div><div class=\"uael-grid-img-overlay\"><\/div><\/a><\/div><\/div><\/div><\/div>\t\t<\/div>\n\t\t\t\t<\/div>\n\t\t\t\t\t<\/div>\n\t\t<\/div>\n\t\t\t\t<div class=\"elementor-column elementor-col-50 elementor-top-column elementor-element elementor-element-0782e3e\" data-id=\"0782e3e\" data-element_type=\"column\">\n\t\t\t<div class=\"elementor-widget-wrap elementor-element-populated\">\n\t\t\t\t\t\t\t\t<section class=\"elementor-section elementor-inner-section elementor-element elementor-element-2a778c3 elementor-section-boxed elementor-section-height-default elementor-section-height-default\" data-id=\"2a778c3\" data-element_type=\"section\">\n\t\t\t\t\t\t<div class=\"elementor-container elementor-column-gap-default\">\n\t\t\t\t\t<div class=\"elementor-column elementor-col-100 elementor-inner-column elementor-element elementor-element-783430c\" data-id=\"783430c\" data-element_type=\"column\">\n\t\t\t<div class=\"elementor-widget-wrap elementor-element-populated\">\n\t\t\t\t\t\t\t\t<div class=\"elementor-element elementor-element-e69cf23 elementor-widget elementor-widget-text-editor\" data-id=\"e69cf23\" data-element_type=\"widget\" data-widget_type=\"text-editor.default\">\n\t\t\t\t<div class=\"elementor-widget-container\">\n\t\t\t\t\t\t\t<p>Probabil cele mai cunoscute \u0219i mai solicitate produse din sortimentul nostru sunt diferitele tipuri de <span style=\"color: #dd3333;\"><strong>c\u00e2rna\u021bi de cas\u0103<\/strong><\/span>.\n<\/p>\n<p>Folosim doar <strong><span style=\"color: #dd3333;\">carne de porc<\/span><\/strong> de \u00eenalt\u0103 calitate, atent selec\u021bionat\u0103 \u0219i <span style=\"color: #dd3333;\"><strong>condimente 100% naturale<\/strong><\/span>, care le confer\u0103 o arom\u0103 cu specific local, care ne aminte\u0219te de gustul produselor tradi\u021bionale. C\u00e2rna\u021bii sunt umplu\u021bi <strong>\u00een ma\u021be de porc<\/strong> \u0219i <strong>de oaie<\/strong>.\n<\/p>\n<p>Ace\u0219tia sunt afuma\u021bi \u00eentr-un mod 100% natural, folosind rumegu\u0219 de fag, ceea ce le confer\u0103 o arom\u0103 excelent\u0103 \u0219i e important din punctul de vedere al conserv\u0103rii.\n<\/p>\n<p>Toate aceste produse sunt alegeri excelente pentru o alimenta\u021bie complet\u0103.\n<\/p>\n<p>Se prepar\u0103 rapid \u0219i u\u0219or, pot fi pr\u0103jite \u00een untur\u0103 de porc sau \u00een ulei, sau pot fi pr\u0103jite la gr\u0103tar sau \u00een diverse feluri de m\u00e2ncare. <\/p>\n\t\t\t\t\t\t<\/div>\n\t\t\t\t<\/div>\n\t\t\t\t<div class=\"elementor-element elementor-element-4cb366a elementor-align-center elementor-widget elementor-widget-button\" data-id=\"4cb366a\" data-element_type=\"widget\" data-widget_type=\"button.default\">\n\t\t\t\t<div class=\"elementor-widget-container\">\n\t\t\t\t\t<div class=\"elementor-button-wrapper\">\n\t\t\t<a href=\"https:\/\/dosa.ro\/ro\/produse\/#carnati-de-casa-afumati\" class=\"elementor-button-link elementor-button elementor-size-xs\" role=\"button\">\n\t\t\t\t\t\t<span class=\"elementor-button-content-wrapper\">\n\t\t\t\t\t\t\t<span class=\"elementor-button-icon elementor-align-icon-right\">\n\t\t\t\t<i aria-hidden=\"true\" class=\"fas fa-reply\"><\/i>\t\t\t<\/span>\n\t\t\t\t\t\t<span class=\"elementor-button-text\">\u00cenapoi la produse<\/span>\n\t\t<\/span>\n\t\t\t\t\t<\/a>\n\t\t<\/div>\n\t\t\t\t<\/div>\n\t\t\t\t<\/div>\n\t\t\t\t\t<\/div>\n\t\t<\/div>\n\t\t\t\t\t\t\t<\/div>\n\t\t<\/section>\n\t\t\t\t\t<\/div>\n\t\t<\/div>\n\t\t\t\t\t\t\t<\/div>\n\t\t<\/section>\n\t\t\t\t<section class=\"elementor-section elementor-top-section elementor-element elementor-element-5fb2313 elementor-section-boxed elementor-section-height-default elementor-section-height-default\" data-id=\"5fb2313\" data-element_type=\"section\">\n\t\t\t\t\t\t<div class=\"elementor-container elementor-column-gap-default\">\n\t\t\t\t\t<div class=\"elementor-column elementor-col-100 elementor-top-column elementor-element elementor-element-1c03fe7\" data-id=\"1c03fe7\" data-element_type=\"column\">\n\t\t\t<div class=\"elementor-widget-wrap elementor-element-populated\">\n\t\t\t\t\t\t\t\t<div class=\"elementor-element elementor-element-0931869 elementor-widget-divider--separator-type-pattern elementor-widget-divider--view-line elementor-widget elementor-widget-divider\" data-id=\"0931869\" data-element_type=\"widget\" data-widget_type=\"divider.default\">\n\t\t\t\t<div class=\"elementor-widget-container\">\n\t\t\t\t\t<div class=\"elementor-divider\" style=\"--divider-pattern-url: url(&quot;data:image\/svg+xml,%3Csvg xmlns=&#039;http:\/\/www.w3.org\/2000\/svg&#039; preserveAspectRatio=&#039;none&#039; overflow=&#039;visible&#039; height=&#039;100%&#039; viewBox=&#039;0 0 24 24&#039; fill=&#039;none&#039; stroke=&#039;black&#039; stroke-width=&#039;1&#039; stroke-linecap=&#039;square&#039; stroke-miterlimit=&#039;10&#039;%3E%3Cpath d=&#039;M0,6c6,0,6,13,12,13S18,6,24,6&#039;\/%3E%3C\/svg%3E&quot;);\">\n\t\t\t<span class=\"elementor-divider-separator\">\n\t\t\t\t\t\t<\/span>\n\t\t<\/div>\n\t\t\t\t<\/div>\n\t\t\t\t<\/div>\n\t\t\t\t\t<\/div>\n\t\t<\/div>\n\t\t\t\t\t\t\t<\/div>\n\t\t<\/section>\n\t\t\t\t\t\t\t<\/div>\n\t\t","protected":false},"excerpt":{"rendered":"<p>C\u00e2rna\u021bi de cas\u0103 afuma\u021bi C\u00e2rna\u021bi de cas\u0103 afuma\u021bi Probabil cele mai cunoscute \u0219i mai solicitate produse din sortimentul nostru sunt diferitele tipuri de c\u00e2rna\u021bi de cas\u0103. Folosim doar carne de porc de \u00eenalt\u0103 calitate, atent selec\u021bionat\u0103 \u0219i condimente 100% naturale, care le confer\u0103 o arom\u0103 cu specific local, care ne aminte\u0219te de gustul produselor tradi\u021bionale. &hellip;<\/p>\n<p class=\"read-more\"> <a class=\"\" href=\"https:\/\/dosa.ro\/ro\/carnati-de-casa-afumati\/\"> <span class=\"screen-reader-text\">C\u00e2rna\u021bi de cas\u0103 afuma\u021bi<\/span> Read More \u00bb<\/a><\/p>\n","protected":false},"author":1,"featured_media":0,"parent":0,"menu_order":0,"comment_status":"closed","ping_status":"closed","template":"","meta":{"site-sidebar-layout":"no-sidebar","site-content-layout":"page-builder","ast-global-header-display":"","ast-main-header-display":"","ast-hfb-above-header-display":"","ast-hfb-below-header-display":"","ast-hfb-mobile-header-display":"","site-post-title":"disabled","ast-breadcrumbs-content":"","ast-featured-img":"disabled","footer-sml-layout":"","theme-transparent-header-meta":"default","adv-header-id-meta":"","stick-header-meta":"default","header-above-stick-meta":"","header-main-stick-meta":"","header-below-stick-meta":"","footnotes":""},"class_list":["post-1608","page","type-page","status-publish","hentry"],"yoast_head":"<!-- This site is optimized with the Yoast SEO plugin v19.9 - https:\/\/yoast.com\/wordpress\/plugins\/seo\/ -->\n<title>C\u00e2rna\u021bi de cas\u0103 afuma\u021bi - D\u00f3sa<\/title>\n<meta name=\"robots\" content=\"index, follow, max-snippet:-1, max-image-preview:large, max-video-preview:-1\" \/>\n<link rel=\"canonical\" href=\"https:\/\/dosa.ro\/ro\/carnati-de-casa-afumati\/\" \/>\n<meta property=\"og:locale\" content=\"ro_RO\" \/>\n<meta property=\"og:type\" content=\"article\" \/>\n<meta property=\"og:title\" content=\"C\u00e2rna\u021bi de cas\u0103 afuma\u021bi - D\u00f3sa\" \/>\n<meta property=\"og:description\" content=\"C\u00e2rna\u021bi de cas\u0103 afuma\u021bi C\u00e2rna\u021bi de cas\u0103 afuma\u021bi Probabil cele mai cunoscute \u0219i mai solicitate produse din sortimentul nostru sunt diferitele tipuri de c\u00e2rna\u021bi de cas\u0103. Folosim doar carne de porc de \u00eenalt\u0103 calitate, atent selec\u021bionat\u0103 \u0219i condimente 100% naturale, care le confer\u0103 o arom\u0103 cu specific local, care ne aminte\u0219te de gustul produselor tradi\u021bionale. &hellip; C\u00e2rna\u021bi de cas\u0103 afuma\u021bi Read More \u00bb\" \/>\n<meta property=\"og:url\" content=\"https:\/\/dosa.ro\/ro\/carnati-de-casa-afumati\/\" \/>\n<meta property=\"og:site_name\" content=\"D\u00f3sa\" \/>\n<meta property=\"article:modified_time\" content=\"2021-12-13T09:24:06+00:00\" \/>\n<meta property=\"og:image\" content=\"https:\/\/dosa.ro\/wp-content\/uploads\/2021\/06\/DSC_3012.jpg\" \/>\n<meta name=\"twitter:card\" content=\"summary_large_image\" \/>\n<meta name=\"twitter:label1\" content=\"Timp estimat pentru citire\" \/>\n\t<meta name=\"twitter:data1\" content=\"1 minut\" \/>\n<script type=\"application\/ld+json\" class=\"yoast-schema-graph\">{\"@context\":\"https:\/\/schema.org\",\"@graph\":[{\"@type\":\"WebPage\",\"@id\":\"https:\/\/dosa.ro\/ro\/carnati-de-casa-afumati\/\",\"url\":\"https:\/\/dosa.ro\/ro\/carnati-de-casa-afumati\/\",\"name\":\"C\u00e2rna\u021bi de cas\u0103 afuma\u021bi - D\u00f3sa\",\"isPartOf\":{\"@id\":\"https:\/\/dosa.ro\/ro\/#website\"},\"datePublished\":\"2021-09-28T12:01:01+00:00\",\"dateModified\":\"2021-12-13T09:24:06+00:00\",\"breadcrumb\":{\"@id\":\"https:\/\/dosa.ro\/ro\/carnati-de-casa-afumati\/#breadcrumb\"},\"inLanguage\":\"ro-RO\",\"potentialAction\":[{\"@type\":\"ReadAction\",\"target\":[\"https:\/\/dosa.ro\/ro\/carnati-de-casa-afumati\/\"]}]},{\"@type\":\"BreadcrumbList\",\"@id\":\"https:\/\/dosa.ro\/ro\/carnati-de-casa-afumati\/#breadcrumb\",\"itemListElement\":[{\"@type\":\"ListItem\",\"position\":1,\"name\":\"Kezd\u0151lap\",\"item\":\"https:\/\/dosa.ro\/ro\/\"},{\"@type\":\"ListItem\",\"position\":2,\"name\":\"C\u00e2rna\u021bi de cas\u0103 afuma\u021bi\"}]},{\"@type\":\"WebSite\",\"@id\":\"https:\/\/dosa.ro\/ro\/#website\",\"url\":\"https:\/\/dosa.ro\/ro\/\",\"name\":\"D\u00f3sa\",\"description\":\"Dosa\",\"publisher\":{\"@id\":\"https:\/\/dosa.ro\/ro\/#organization\"},\"potentialAction\":[{\"@type\":\"SearchAction\",\"target\":{\"@type\":\"EntryPoint\",\"urlTemplate\":\"https:\/\/dosa.ro\/ro\/?s={search_term_string}\"},\"query-input\":\"required name=search_term_string\"}],\"inLanguage\":\"ro-RO\"},{\"@type\":\"Organization\",\"@id\":\"https:\/\/dosa.ro\/ro\/#organization\",\"name\":\"AGRO PROD COM DOSA SRL\",\"url\":\"https:\/\/dosa.ro\/ro\/\",\"logo\":{\"@type\":\"ImageObject\",\"inLanguage\":\"ro-RO\",\"@id\":\"https:\/\/dosa.ro\/ro\/#\/schema\/logo\/image\/\",\"url\":\"https:\/\/dosa.ro\/wp-content\/uploads\/2021\/06\/cropped-logo-1.png\",\"contentUrl\":\"https:\/\/dosa.ro\/wp-content\/uploads\/2021\/06\/cropped-logo-1.png\",\"width\":512,\"height\":512,\"caption\":\"AGRO PROD COM DOSA SRL\"},\"image\":{\"@id\":\"https:\/\/dosa.ro\/ro\/#\/schema\/logo\/image\/\"}}]}<\/script>\n<!-- \/ Yoast SEO plugin. -->","yoast_head_json":{"title":"C\u00e2rna\u021bi de cas\u0103 afuma\u021bi - D\u00f3sa","robots":{"index":"index","follow":"follow","max-snippet":"max-snippet:-1","max-image-preview":"max-image-preview:large","max-video-preview":"max-video-preview:-1"},"canonical":"https:\/\/dosa.ro\/ro\/carnati-de-casa-afumati\/","og_locale":"ro_RO","og_type":"article","og_title":"C\u00e2rna\u021bi de cas\u0103 afuma\u021bi - D\u00f3sa","og_description":"C\u00e2rna\u021bi de cas\u0103 afuma\u021bi C\u00e2rna\u021bi de cas\u0103 afuma\u021bi Probabil cele mai cunoscute \u0219i mai solicitate produse din sortimentul nostru sunt diferitele tipuri de c\u00e2rna\u021bi de cas\u0103. Folosim doar carne de porc de \u00eenalt\u0103 calitate, atent selec\u021bionat\u0103 \u0219i condimente 100% naturale, care le confer\u0103 o arom\u0103 cu specific local, care ne aminte\u0219te de gustul produselor tradi\u021bionale. &hellip; C\u00e2rna\u021bi de cas\u0103 afuma\u021bi Read More \u00bb","og_url":"https:\/\/dosa.ro\/ro\/carnati-de-casa-afumati\/","og_site_name":"D\u00f3sa","article_modified_time":"2021-12-13T09:24:06+00:00","og_image":[{"url":"https:\/\/dosa.ro\/wp-content\/uploads\/2021\/06\/DSC_3012.jpg"}],"twitter_card":"summary_large_image","twitter_misc":{"Timp estimat pentru citire":"1 minut"},"schema":{"@context":"https:\/\/schema.org","@graph":[{"@type":"WebPage","@id":"https:\/\/dosa.ro\/ro\/carnati-de-casa-afumati\/","url":"https:\/\/dosa.ro\/ro\/carnati-de-casa-afumati\/","name":"C\u00e2rna\u021bi de cas\u0103 afuma\u021bi - D\u00f3sa","isPartOf":{"@id":"https:\/\/dosa.ro\/ro\/#website"},"datePublished":"2021-09-28T12:01:01+00:00","dateModified":"2021-12-13T09:24:06+00:00","breadcrumb":{"@id":"https:\/\/dosa.ro\/ro\/carnati-de-casa-afumati\/#breadcrumb"},"inLanguage":"ro-RO","potentialAction":[{"@type":"ReadAction","target":["https:\/\/dosa.ro\/ro\/carnati-de-casa-afumati\/"]}]},{"@type":"BreadcrumbList","@id":"https:\/\/dosa.ro\/ro\/carnati-de-casa-afumati\/#breadcrumb","itemListElement":[{"@type":"ListItem","position":1,"name":"Kezd\u0151lap","item":"https:\/\/dosa.ro\/ro\/"},{"@type":"ListItem","position":2,"name":"C\u00e2rna\u021bi de cas\u0103 afuma\u021bi"}]},{"@type":"WebSite","@id":"https:\/\/dosa.ro\/ro\/#website","url":"https:\/\/dosa.ro\/ro\/","name":"D\u00f3sa","description":"Dosa","publisher":{"@id":"https:\/\/dosa.ro\/ro\/#organization"},"potentialAction":[{"@type":"SearchAction","target":{"@type":"EntryPoint","urlTemplate":"https:\/\/dosa.ro\/ro\/?s={search_term_string}"},"query-input":"required name=search_term_string"}],"inLanguage":"ro-RO"},{"@type":"Organization","@id":"https:\/\/dosa.ro\/ro\/#organization","name":"AGRO PROD COM DOSA SRL","url":"https:\/\/dosa.ro\/ro\/","logo":{"@type":"ImageObject","inLanguage":"ro-RO","@id":"https:\/\/dosa.ro\/ro\/#\/schema\/logo\/image\/","url":"https:\/\/dosa.ro\/wp-content\/uploads\/2021\/06\/cropped-logo-1.png","contentUrl":"https:\/\/dosa.ro\/wp-content\/uploads\/2021\/06\/cropped-logo-1.png","width":512,"height":512,"caption":"AGRO PROD COM DOSA SRL"},"image":{"@id":"https:\/\/dosa.ro\/ro\/#\/schema\/logo\/image\/"}}]}},"_links":{"self":[{"href":"https:\/\/dosa.ro\/ro\/wp-json\/wp\/v2\/pages\/1608","targetHints":{"allow":["GET"]}}],"collection":[{"href":"https:\/\/dosa.ro\/ro\/wp-json\/wp\/v2\/pages"}],"about":[{"href":"https:\/\/dosa.ro\/ro\/wp-json\/wp\/v2\/types\/page"}],"author":[{"embeddable":true,"href":"https:\/\/dosa.ro\/ro\/wp-json\/wp\/v2\/users\/1"}],"replies":[{"embeddable":true,"href":"https:\/\/dosa.ro\/ro\/wp-json\/wp\/v2\/comments?post=1608"}],"version-history":[{"count":0,"href":"https:\/\/dosa.ro\/ro\/wp-json\/wp\/v2\/pages\/1608\/revisions"}],"wp:attachment":[{"href":"https:\/\/dosa.ro\/ro\/wp-json\/wp\/v2\/media?parent=1608"}],"curies":[{"name":"wp","href":"https:\/\/api.w.org\/{rel}","templated":true}]}}