{"id":1658,"date":"2021-09-28T12:30:47","date_gmt":"2021-09-28T12:30:47","guid":{"rendered":"https:\/\/dosa.ro\/gama-de-produse-kinder\/"},"modified":"2021-12-06T06:51:45","modified_gmt":"2021-12-06T06:51:45","slug":"gama-de-produse-kinder","status":"publish","type":"page","link":"https:\/\/dosa.ro\/ro\/gama-de-produse-kinder\/","title":{"rendered":"Gama de produse Kinder"},"content":{"rendered":"\t\t<div data-elementor-type=\"wp-page\" data-elementor-id=\"1658\" class=\"elementor elementor-1658 elementor-346\">\n\t\t\t\t\t\t\t\t\t<section class=\"elementor-section elementor-top-section elementor-element elementor-element-e71c8b6 elementor-section-height-min-height elementor-section-boxed elementor-section-height-default elementor-section-items-middle\" data-id=\"e71c8b6\" data-element_type=\"section\" data-settings=\"{&quot;background_background&quot;:&quot;classic&quot;}\">\n\t\t\t\t\t\t<div class=\"elementor-container elementor-column-gap-default\">\n\t\t\t\t\t<div class=\"elementor-column elementor-col-100 elementor-top-column elementor-element elementor-element-906e087\" data-id=\"906e087\" data-element_type=\"column\" data-settings=\"{&quot;background_background&quot;:&quot;classic&quot;}\">\n\t\t\t<div class=\"elementor-widget-wrap elementor-element-populated\">\n\t\t\t\t\t<div class=\"elementor-background-overlay\"><\/div>\n\t\t\t\t\t\t\t\t<div class=\"elementor-element elementor-element-ee6c0d3 elementor-hidden-mobile elementor-widget elementor-widget-premium-addon-title\" data-id=\"ee6c0d3\" data-element_type=\"widget\" data-widget_type=\"premium-addon-title.default\">\n\t\t\t\t<div class=\"elementor-widget-container\">\n\t\t\t\r\n\t<div class=\"premium-title-container style3\">\r\n\t\t<h2 class=\"premium-title-header premium-title-style3\">\r\n\t\t\t\r\n\t\t\t\r\n\t\t\t\t\t\t\t\t\t<span class=\"premium-title-text\" >\r\n\t\t\t\tGama de produse Kinder\t\t\t<\/span>\r\n\t\t\t\t\r\n\t\t\t\t\t\t\t\t<\/h2>\r\n\t<\/div>\r\n\r\n\t\t\t\t<\/div>\n\t\t\t\t<\/div>\n\t\t\t\t<div class=\"elementor-element elementor-element-838be72 elementor-hidden-desktop elementor-hidden-tablet elementor-widget elementor-widget-heading\" data-id=\"838be72\" data-element_type=\"widget\" data-widget_type=\"heading.default\">\n\t\t\t\t<div class=\"elementor-widget-container\">\n\t\t\t<h2 class=\"elementor-heading-title elementor-size-default\">Gama de produse Kinder<\/h2>\t\t<\/div>\n\t\t\t\t<\/div>\n\t\t\t\t\t<\/div>\n\t\t<\/div>\n\t\t\t\t\t\t\t<\/div>\n\t\t<\/section>\n\t\t\t\t<section class=\"elementor-section elementor-top-section elementor-element elementor-element-5ea3742 elementor-section-boxed elementor-section-height-default elementor-section-height-default\" data-id=\"5ea3742\" data-element_type=\"section\">\n\t\t\t\t\t\t<div class=\"elementor-container elementor-column-gap-default\">\n\t\t\t\t\t<div class=\"elementor-column elementor-col-100 elementor-top-column elementor-element elementor-element-f363141\" data-id=\"f363141\" data-element_type=\"column\">\n\t\t\t<div class=\"elementor-widget-wrap elementor-element-populated\">\n\t\t\t\t\t\t\t\t<div class=\"elementor-element elementor-element-9b0fd86 elementor-widget-divider--separator-type-pattern elementor-widget-divider--view-line elementor-widget elementor-widget-divider\" data-id=\"9b0fd86\" data-element_type=\"widget\" data-widget_type=\"divider.default\">\n\t\t\t\t<div class=\"elementor-widget-container\">\n\t\t\t\t\t<div class=\"elementor-divider\" style=\"--divider-pattern-url: url(&quot;data:image\/svg+xml,%3Csvg xmlns=&#039;http:\/\/www.w3.org\/2000\/svg&#039; preserveAspectRatio=&#039;none&#039; overflow=&#039;visible&#039; height=&#039;100%&#039; viewBox=&#039;0 0 24 24&#039; fill=&#039;none&#039; stroke=&#039;black&#039; stroke-width=&#039;1&#039; stroke-linecap=&#039;square&#039; stroke-miterlimit=&#039;10&#039;%3E%3Cpath d=&#039;M0,6c6,0,6,13,12,13S18,6,24,6&#039;\/%3E%3C\/svg%3E&quot;);\">\n\t\t\t<span class=\"elementor-divider-separator\">\n\t\t\t\t\t\t<\/span>\n\t\t<\/div>\n\t\t\t\t<\/div>\n\t\t\t\t<\/div>\n\t\t\t\t\t<\/div>\n\t\t<\/div>\n\t\t\t\t\t\t\t<\/div>\n\t\t<\/section>\n\t\t\t\t<section class=\"elementor-section elementor-top-section elementor-element elementor-element-90c92ec elementor-section-boxed elementor-section-height-default elementor-section-height-default\" data-id=\"90c92ec\" data-element_type=\"section\">\n\t\t\t\t\t\t<div class=\"elementor-container elementor-column-gap-default\">\n\t\t\t\t\t<div class=\"elementor-column elementor-col-50 elementor-top-column elementor-element elementor-element-d331b54\" data-id=\"d331b54\" data-element_type=\"column\">\n\t\t\t<div class=\"elementor-widget-wrap elementor-element-populated\">\n\t\t\t\t\t\t\t\t<div class=\"elementor-element elementor-element-fafcccf elementor-hidden-mobile uael-ins-normal uael-img-caption-valign-bottom elementor-widget elementor-widget-uael-image-gallery\" data-id=\"fafcccf\" data-element_type=\"widget\" data-settings=\"{&quot;justified_margin&quot;:{&quot;unit&quot;:&quot;px&quot;,&quot;size&quot;:3,&quot;sizes&quot;:[]},&quot;justified_margin_tablet&quot;:{&quot;unit&quot;:&quot;px&quot;,&quot;size&quot;:&quot;&quot;,&quot;sizes&quot;:[]},&quot;justified_margin_mobile&quot;:{&quot;unit&quot;:&quot;px&quot;,&quot;size&quot;:&quot;&quot;,&quot;sizes&quot;:[]},&quot;caption_padding&quot;:{&quot;unit&quot;:&quot;px&quot;,&quot;top&quot;:&quot;&quot;,&quot;right&quot;:&quot;&quot;,&quot;bottom&quot;:&quot;&quot;,&quot;left&quot;:&quot;&quot;,&quot;isLinked&quot;:true},&quot;caption_padding_tablet&quot;:{&quot;unit&quot;:&quot;px&quot;,&quot;top&quot;:&quot;&quot;,&quot;right&quot;:&quot;&quot;,&quot;bottom&quot;:&quot;&quot;,&quot;left&quot;:&quot;&quot;,&quot;isLinked&quot;:true},&quot;caption_padding_mobile&quot;:{&quot;unit&quot;:&quot;px&quot;,&quot;top&quot;:&quot;&quot;,&quot;right&quot;:&quot;&quot;,&quot;bottom&quot;:&quot;&quot;,&quot;left&quot;:&quot;&quot;,&quot;isLinked&quot;:true}}\" data-widget_type=\"uael-image-gallery.default\">\n\t\t\t\t<div class=\"elementor-widget-container\">\n\t\t\t<div class=\"uael-gallery-parent uael-caption-on-hover \"><div class=\"uael-img-gallery-wrap uael-img-justified-wrap uael-img-grid-masonry-wrap uael-image-lightbox-wrap\" data-filter-default=\"Toate\" data-rowheight=\"172\" data-lastrow=\"justify\" data-lightbox_actions=\"[&quot;close&quot;]\" data-lightbox-gallery-loop=\"\"><div class=\"uael-grid-item \"><div class=\"uael-grid-item-content\"><a class=\"uael-grid-img uael-grid-gallery-img uael-ins-hover elementor-clickable\" data-fancybox=\"uael-gallery\" href=\"https:\/\/dosa.ro\/wp-content\/uploads\/2021\/09\/IMG-20210923-WA0002.jpg\" data-elementor-open-lightbox=\"no\"><div class=\"uael-grid-img-thumbnail uael-ins-target\"><img loading=\"lazy\" decoding=\"async\" width=\"1600\" height=\"1066\" src=\"https:\/\/dosa.ro\/wp-content\/uploads\/2021\/09\/IMG-20210923-WA0002.jpg\" class=\"attachment-full size-full\" alt=\"\" \/><\/div><div class=\"uael-grid-img-overlay\"><\/div><\/a><\/div><\/div><div class=\"uael-grid-item \"><div class=\"uael-grid-item-content\"><a class=\"uael-grid-img uael-grid-gallery-img uael-ins-hover elementor-clickable\" data-fancybox=\"uael-gallery\" href=\"https:\/\/dosa.ro\/wp-content\/uploads\/2021\/09\/IMG-20210923-WA0004.jpg\" data-elementor-open-lightbox=\"no\"><div class=\"uael-grid-img-thumbnail uael-ins-target\"><img loading=\"lazy\" decoding=\"async\" width=\"1600\" height=\"1066\" src=\"https:\/\/dosa.ro\/wp-content\/uploads\/2021\/09\/IMG-20210923-WA0004.jpg\" class=\"attachment-full size-full\" alt=\"\" \/><\/div><div class=\"uael-grid-img-overlay\"><\/div><\/a><\/div><\/div><div class=\"uael-grid-item \"><div class=\"uael-grid-item-content\"><a class=\"uael-grid-img uael-grid-gallery-img uael-ins-hover elementor-clickable\" data-fancybox=\"uael-gallery\" href=\"https:\/\/dosa.ro\/wp-content\/uploads\/2021\/09\/IMG-20210923-WA0003.jpg\" data-elementor-open-lightbox=\"no\"><div class=\"uael-grid-img-thumbnail uael-ins-target\"><img loading=\"lazy\" decoding=\"async\" width=\"1600\" height=\"1066\" src=\"https:\/\/dosa.ro\/wp-content\/uploads\/2021\/09\/IMG-20210923-WA0003.jpg\" class=\"attachment-full size-full\" alt=\"\" \/><\/div><div class=\"uael-grid-img-overlay\"><\/div><\/a><\/div><\/div><\/div><\/div>\t\t<\/div>\n\t\t\t\t<\/div>\n\t\t\t\t<div class=\"elementor-element elementor-element-471fdc5 uael-ins-normal uael-img-caption-valign-bottom elementor-widget elementor-widget-uael-image-gallery\" data-id=\"471fdc5\" data-element_type=\"widget\" data-settings=\"{&quot;justified_margin&quot;:{&quot;unit&quot;:&quot;px&quot;,&quot;size&quot;:3,&quot;sizes&quot;:[]},&quot;justified_margin_tablet&quot;:{&quot;unit&quot;:&quot;px&quot;,&quot;size&quot;:&quot;&quot;,&quot;sizes&quot;:[]},&quot;justified_margin_mobile&quot;:{&quot;unit&quot;:&quot;px&quot;,&quot;size&quot;:&quot;&quot;,&quot;sizes&quot;:[]},&quot;caption_padding&quot;:{&quot;unit&quot;:&quot;px&quot;,&quot;top&quot;:&quot;&quot;,&quot;right&quot;:&quot;&quot;,&quot;bottom&quot;:&quot;&quot;,&quot;left&quot;:&quot;&quot;,&quot;isLinked&quot;:true},&quot;caption_padding_tablet&quot;:{&quot;unit&quot;:&quot;px&quot;,&quot;top&quot;:&quot;&quot;,&quot;right&quot;:&quot;&quot;,&quot;bottom&quot;:&quot;&quot;,&quot;left&quot;:&quot;&quot;,&quot;isLinked&quot;:true},&quot;caption_padding_mobile&quot;:{&quot;unit&quot;:&quot;px&quot;,&quot;top&quot;:&quot;&quot;,&quot;right&quot;:&quot;&quot;,&quot;bottom&quot;:&quot;&quot;,&quot;left&quot;:&quot;&quot;,&quot;isLinked&quot;:true}}\" data-widget_type=\"uael-image-gallery.default\">\n\t\t\t\t<div class=\"elementor-widget-container\">\n\t\t\t<div class=\"uael-gallery-parent uael-caption-on-hover \"><div class=\"uael-img-gallery-wrap uael-img-justified-wrap uael-img-grid-masonry-wrap uael-image-lightbox-wrap\" data-filter-default=\"All\" data-rowheight=\"93\" data-lastrow=\"justify\" data-lightbox_actions=\"[&quot;close&quot;]\" data-lightbox-gallery-loop=\"\"><div class=\"uael-grid-item \"><div class=\"uael-grid-item-content\"><a class=\"uael-grid-img uael-grid-gallery-img uael-ins-hover elementor-clickable\" data-fancybox=\"uael-gallery\" href=\"https:\/\/dosa.ro\/wp-content\/uploads\/2021\/09\/IMG-20210923-WA0002.jpg\" data-elementor-open-lightbox=\"no\"><div class=\"uael-grid-img-thumbnail uael-ins-target\"><img loading=\"lazy\" decoding=\"async\" width=\"1600\" height=\"1066\" src=\"https:\/\/dosa.ro\/wp-content\/uploads\/2021\/09\/IMG-20210923-WA0002.jpg\" class=\"attachment-full size-full\" alt=\"\" \/><\/div><div class=\"uael-grid-img-overlay\"><\/div><\/a><\/div><\/div><div class=\"uael-grid-item \"><div class=\"uael-grid-item-content\"><a class=\"uael-grid-img uael-grid-gallery-img uael-ins-hover elementor-clickable\" data-fancybox=\"uael-gallery\" href=\"https:\/\/dosa.ro\/wp-content\/uploads\/2021\/09\/IMG-20210923-WA0004.jpg\" data-elementor-open-lightbox=\"no\"><div class=\"uael-grid-img-thumbnail uael-ins-target\"><img loading=\"lazy\" decoding=\"async\" width=\"1600\" height=\"1066\" src=\"https:\/\/dosa.ro\/wp-content\/uploads\/2021\/09\/IMG-20210923-WA0004.jpg\" class=\"attachment-full size-full\" alt=\"\" \/><\/div><div class=\"uael-grid-img-overlay\"><\/div><\/a><\/div><\/div><div class=\"uael-grid-item \"><div class=\"uael-grid-item-content\"><a class=\"uael-grid-img uael-grid-gallery-img uael-ins-hover elementor-clickable\" data-fancybox=\"uael-gallery\" href=\"https:\/\/dosa.ro\/wp-content\/uploads\/2021\/09\/IMG-20210923-WA0003.jpg\" data-elementor-open-lightbox=\"no\"><div class=\"uael-grid-img-thumbnail uael-ins-target\"><img loading=\"lazy\" decoding=\"async\" width=\"1600\" height=\"1066\" src=\"https:\/\/dosa.ro\/wp-content\/uploads\/2021\/09\/IMG-20210923-WA0003.jpg\" class=\"attachment-full size-full\" alt=\"\" \/><\/div><div class=\"uael-grid-img-overlay\"><\/div><\/a><\/div><\/div><\/div><\/div>\t\t<\/div>\n\t\t\t\t<\/div>\n\t\t\t\t\t<\/div>\n\t\t<\/div>\n\t\t\t\t<div class=\"elementor-column elementor-col-50 elementor-top-column elementor-element elementor-element-4b8c891\" data-id=\"4b8c891\" data-element_type=\"column\">\n\t\t\t<div class=\"elementor-widget-wrap elementor-element-populated\">\n\t\t\t\t\t\t\t\t<section class=\"elementor-section elementor-inner-section elementor-element elementor-element-c19fa04 elementor-section-boxed elementor-section-height-default elementor-section-height-default\" data-id=\"c19fa04\" data-element_type=\"section\">\n\t\t\t\t\t\t<div class=\"elementor-container elementor-column-gap-default\">\n\t\t\t\t\t<div class=\"elementor-column elementor-col-100 elementor-inner-column elementor-element elementor-element-4394d61\" data-id=\"4394d61\" data-element_type=\"column\">\n\t\t\t<div class=\"elementor-widget-wrap elementor-element-populated\">\n\t\t\t\t\t\t\t\t<div class=\"elementor-element elementor-element-6c52b53 elementor-widget elementor-widget-text-editor\" data-id=\"6c52b53\" data-element_type=\"widget\" data-widget_type=\"text-editor.default\">\n\t\t\t\t<div class=\"elementor-widget-container\">\n\t\t\t\t\t\t\t<p>Am creat <span style=\"color: #dd3333;\"><strong>gama de produse Kinder<\/strong><\/span> pentru ca p\u0103rin\u021bii s\u0103 le poat\u0103 oferi celor mici m\u00e2ncarea lor preferat\u0103, <strong><span style=\"color: #dd3333;\">crenvur\u0219tii<\/span><\/strong> \u0219i <strong><span style=\"color: #dd3333;\">parizerul<\/span><\/strong>, f\u0103r\u0103 probleme, deoarece nu con\u021bin poten\u021biatori de arom\u0103, coloran\u021bi artificiali, \u0219i au con\u021binut sc\u0103zut de gr\u0103simi.\n<\/p>\n<p>Consider\u0103m c\u0103 alimenta\u021bia s\u0103n\u0103toas\u0103 este foarte important\u0103, \u0219i cel mai important e s\u0103 le punem copiilor \u00eenc\u0103 de mici pe mas\u0103 doar produse care s\u0103 nu reprezinte niciun pericol pentru dezvoltarea lor s\u0103n\u0103toas\u0103.\n<\/p>\n<p>Tweety \u0219i Piggy\u00a0 vor fi prietenii celor mici \u00een sendvi\u0219ul pentru \u0219coal\u0103, iar amicii crenvur\u0219ti vor fi numai buni la micul dejun.\n<\/p>\n<p>Sunt o <strong>alegere excelent\u0103<\/strong> nu doar pentru copii, ci <strong>pentru \u00eentreaga familie<\/strong>.<\/p>\n\t\t\t\t\t\t<\/div>\n\t\t\t\t<\/div>\n\t\t\t\t<div class=\"elementor-element elementor-element-52dbc7a elementor-align-center elementor-widget elementor-widget-button\" data-id=\"52dbc7a\" data-element_type=\"widget\" data-widget_type=\"button.default\">\n\t\t\t\t<div class=\"elementor-widget-container\">\n\t\t\t\t\t<div class=\"elementor-button-wrapper\">\n\t\t\t<a href=\"https:\/\/dosa.ro\/ro\/produse\/#grill\" class=\"elementor-button-link elementor-button elementor-size-xs\" role=\"button\">\n\t\t\t\t\t\t<span class=\"elementor-button-content-wrapper\">\n\t\t\t\t\t\t\t<span class=\"elementor-button-icon elementor-align-icon-right\">\n\t\t\t\t<i aria-hidden=\"true\" class=\"fas fa-reply\"><\/i>\t\t\t<\/span>\n\t\t\t\t\t\t<span class=\"elementor-button-text\">\u00cenapoi la produse<\/span>\n\t\t<\/span>\n\t\t\t\t\t<\/a>\n\t\t<\/div>\n\t\t\t\t<\/div>\n\t\t\t\t<\/div>\n\t\t\t\t\t<\/div>\n\t\t<\/div>\n\t\t\t\t\t\t\t<\/div>\n\t\t<\/section>\n\t\t\t\t\t<\/div>\n\t\t<\/div>\n\t\t\t\t\t\t\t<\/div>\n\t\t<\/section>\n\t\t\t\t<section class=\"elementor-section elementor-top-section elementor-element elementor-element-97645b1 elementor-section-boxed elementor-section-height-default elementor-section-height-default\" data-id=\"97645b1\" data-element_type=\"section\">\n\t\t\t\t\t\t<div class=\"elementor-container elementor-column-gap-default\">\n\t\t\t\t\t<div class=\"elementor-column elementor-col-100 elementor-top-column elementor-element elementor-element-f757f3c\" data-id=\"f757f3c\" data-element_type=\"column\">\n\t\t\t<div class=\"elementor-widget-wrap elementor-element-populated\">\n\t\t\t\t\t\t\t\t<div class=\"elementor-element elementor-element-7cfe343 elementor-widget-divider--separator-type-pattern elementor-widget-divider--view-line elementor-widget elementor-widget-divider\" data-id=\"7cfe343\" data-element_type=\"widget\" data-widget_type=\"divider.default\">\n\t\t\t\t<div class=\"elementor-widget-container\">\n\t\t\t\t\t<div class=\"elementor-divider\" style=\"--divider-pattern-url: url(&quot;data:image\/svg+xml,%3Csvg xmlns=&#039;http:\/\/www.w3.org\/2000\/svg&#039; preserveAspectRatio=&#039;none&#039; overflow=&#039;visible&#039; height=&#039;100%&#039; viewBox=&#039;0 0 24 24&#039; fill=&#039;none&#039; stroke=&#039;black&#039; stroke-width=&#039;1&#039; stroke-linecap=&#039;square&#039; stroke-miterlimit=&#039;10&#039;%3E%3Cpath d=&#039;M0,6c6,0,6,13,12,13S18,6,24,6&#039;\/%3E%3C\/svg%3E&quot;);\">\n\t\t\t<span class=\"elementor-divider-separator\">\n\t\t\t\t\t\t<\/span>\n\t\t<\/div>\n\t\t\t\t<\/div>\n\t\t\t\t<\/div>\n\t\t\t\t\t<\/div>\n\t\t<\/div>\n\t\t\t\t\t\t\t<\/div>\n\t\t<\/section>\n\t\t\t\t\t\t\t<\/div>\n\t\t","protected":false},"excerpt":{"rendered":"<p>Gama de produse Kinder Gama de produse Kinder Am creat gama de produse Kinder pentru ca p\u0103rin\u021bii s\u0103 le poat\u0103 oferi celor mici m\u00e2ncarea lor preferat\u0103, crenvur\u0219tii \u0219i parizerul, f\u0103r\u0103 probleme, deoarece nu con\u021bin poten\u021biatori de arom\u0103, coloran\u021bi artificiali, \u0219i au con\u021binut sc\u0103zut de gr\u0103simi. Consider\u0103m c\u0103 alimenta\u021bia s\u0103n\u0103toas\u0103 este foarte important\u0103, \u0219i cel mai &hellip;<\/p>\n<p class=\"read-more\"> <a class=\"\" href=\"https:\/\/dosa.ro\/ro\/gama-de-produse-kinder\/\"> <span class=\"screen-reader-text\">Gama de produse Kinder<\/span> Read More \u00bb<\/a><\/p>\n","protected":false},"author":1,"featured_media":0,"parent":0,"menu_order":0,"comment_status":"closed","ping_status":"closed","template":"","meta":{"site-sidebar-layout":"no-sidebar","site-content-layout":"page-builder","ast-global-header-display":"","ast-main-header-display":"","ast-hfb-above-header-display":"","ast-hfb-below-header-display":"","ast-hfb-mobile-header-display":"","site-post-title":"disabled","ast-breadcrumbs-content":"","ast-featured-img":"disabled","footer-sml-layout":"","theme-transparent-header-meta":"default","adv-header-id-meta":"","stick-header-meta":"default","header-above-stick-meta":"","header-main-stick-meta":"","header-below-stick-meta":"","footnotes":""},"class_list":["post-1658","page","type-page","status-publish","hentry"],"yoast_head":"<!-- This site is optimized with the Yoast SEO plugin v19.9 - https:\/\/yoast.com\/wordpress\/plugins\/seo\/ -->\n<title>Gama de produse Kinder - D\u00f3sa<\/title>\n<meta name=\"robots\" content=\"index, follow, max-snippet:-1, max-image-preview:large, max-video-preview:-1\" \/>\n<link rel=\"canonical\" href=\"https:\/\/dosa.ro\/ro\/gama-de-produse-kinder\/\" \/>\n<meta property=\"og:locale\" content=\"ro_RO\" \/>\n<meta property=\"og:type\" content=\"article\" \/>\n<meta property=\"og:title\" content=\"Gama de produse Kinder - D\u00f3sa\" \/>\n<meta property=\"og:description\" content=\"Gama de produse Kinder Gama de produse Kinder Am creat gama de produse Kinder pentru ca p\u0103rin\u021bii s\u0103 le poat\u0103 oferi celor mici m\u00e2ncarea lor preferat\u0103, crenvur\u0219tii \u0219i parizerul, f\u0103r\u0103 probleme, deoarece nu con\u021bin poten\u021biatori de arom\u0103, coloran\u021bi artificiali, \u0219i au con\u021binut sc\u0103zut de gr\u0103simi. Consider\u0103m c\u0103 alimenta\u021bia s\u0103n\u0103toas\u0103 este foarte important\u0103, \u0219i cel mai &hellip; Gama de produse Kinder Read More \u00bb\" \/>\n<meta property=\"og:url\" content=\"https:\/\/dosa.ro\/ro\/gama-de-produse-kinder\/\" \/>\n<meta property=\"og:site_name\" content=\"D\u00f3sa\" \/>\n<meta property=\"article:modified_time\" content=\"2021-12-06T06:51:45+00:00\" \/>\n<meta property=\"og:image\" content=\"https:\/\/dosa.ro\/wp-content\/uploads\/2021\/09\/IMG-20210923-WA0002.jpg\" \/>\n<meta name=\"twitter:card\" content=\"summary_large_image\" \/>\n<meta name=\"twitter:label1\" content=\"Timp estimat pentru citire\" \/>\n\t<meta name=\"twitter:data1\" content=\"1 minut\" \/>\n<script type=\"application\/ld+json\" class=\"yoast-schema-graph\">{\"@context\":\"https:\/\/schema.org\",\"@graph\":[{\"@type\":\"WebPage\",\"@id\":\"https:\/\/dosa.ro\/ro\/gama-de-produse-kinder\/\",\"url\":\"https:\/\/dosa.ro\/ro\/gama-de-produse-kinder\/\",\"name\":\"Gama de produse Kinder - D\u00f3sa\",\"isPartOf\":{\"@id\":\"https:\/\/dosa.ro\/ro\/#website\"},\"datePublished\":\"2021-09-28T12:30:47+00:00\",\"dateModified\":\"2021-12-06T06:51:45+00:00\",\"breadcrumb\":{\"@id\":\"https:\/\/dosa.ro\/ro\/gama-de-produse-kinder\/#breadcrumb\"},\"inLanguage\":\"ro-RO\",\"potentialAction\":[{\"@type\":\"ReadAction\",\"target\":[\"https:\/\/dosa.ro\/ro\/gama-de-produse-kinder\/\"]}]},{\"@type\":\"BreadcrumbList\",\"@id\":\"https:\/\/dosa.ro\/ro\/gama-de-produse-kinder\/#breadcrumb\",\"itemListElement\":[{\"@type\":\"ListItem\",\"position\":1,\"name\":\"Kezd\u0151lap\",\"item\":\"https:\/\/dosa.ro\/ro\/\"},{\"@type\":\"ListItem\",\"position\":2,\"name\":\"Gama de produse Kinder\"}]},{\"@type\":\"WebSite\",\"@id\":\"https:\/\/dosa.ro\/ro\/#website\",\"url\":\"https:\/\/dosa.ro\/ro\/\",\"name\":\"D\u00f3sa\",\"description\":\"Dosa\",\"publisher\":{\"@id\":\"https:\/\/dosa.ro\/ro\/#organization\"},\"potentialAction\":[{\"@type\":\"SearchAction\",\"target\":{\"@type\":\"EntryPoint\",\"urlTemplate\":\"https:\/\/dosa.ro\/ro\/?s={search_term_string}\"},\"query-input\":\"required name=search_term_string\"}],\"inLanguage\":\"ro-RO\"},{\"@type\":\"Organization\",\"@id\":\"https:\/\/dosa.ro\/ro\/#organization\",\"name\":\"AGRO PROD COM DOSA SRL\",\"url\":\"https:\/\/dosa.ro\/ro\/\",\"logo\":{\"@type\":\"ImageObject\",\"inLanguage\":\"ro-RO\",\"@id\":\"https:\/\/dosa.ro\/ro\/#\/schema\/logo\/image\/\",\"url\":\"https:\/\/dosa.ro\/wp-content\/uploads\/2021\/06\/cropped-logo-1.png\",\"contentUrl\":\"https:\/\/dosa.ro\/wp-content\/uploads\/2021\/06\/cropped-logo-1.png\",\"width\":512,\"height\":512,\"caption\":\"AGRO PROD COM DOSA SRL\"},\"image\":{\"@id\":\"https:\/\/dosa.ro\/ro\/#\/schema\/logo\/image\/\"}}]}<\/script>\n<!-- \/ Yoast SEO plugin. -->","yoast_head_json":{"title":"Gama de produse Kinder - D\u00f3sa","robots":{"index":"index","follow":"follow","max-snippet":"max-snippet:-1","max-image-preview":"max-image-preview:large","max-video-preview":"max-video-preview:-1"},"canonical":"https:\/\/dosa.ro\/ro\/gama-de-produse-kinder\/","og_locale":"ro_RO","og_type":"article","og_title":"Gama de produse Kinder - D\u00f3sa","og_description":"Gama de produse Kinder Gama de produse Kinder Am creat gama de produse Kinder pentru ca p\u0103rin\u021bii s\u0103 le poat\u0103 oferi celor mici m\u00e2ncarea lor preferat\u0103, crenvur\u0219tii \u0219i parizerul, f\u0103r\u0103 probleme, deoarece nu con\u021bin poten\u021biatori de arom\u0103, coloran\u021bi artificiali, \u0219i au con\u021binut sc\u0103zut de gr\u0103simi. Consider\u0103m c\u0103 alimenta\u021bia s\u0103n\u0103toas\u0103 este foarte important\u0103, \u0219i cel mai &hellip; Gama de produse Kinder Read More \u00bb","og_url":"https:\/\/dosa.ro\/ro\/gama-de-produse-kinder\/","og_site_name":"D\u00f3sa","article_modified_time":"2021-12-06T06:51:45+00:00","og_image":[{"url":"https:\/\/dosa.ro\/wp-content\/uploads\/2021\/09\/IMG-20210923-WA0002.jpg"}],"twitter_card":"summary_large_image","twitter_misc":{"Timp estimat pentru citire":"1 minut"},"schema":{"@context":"https:\/\/schema.org","@graph":[{"@type":"WebPage","@id":"https:\/\/dosa.ro\/ro\/gama-de-produse-kinder\/","url":"https:\/\/dosa.ro\/ro\/gama-de-produse-kinder\/","name":"Gama de produse Kinder - D\u00f3sa","isPartOf":{"@id":"https:\/\/dosa.ro\/ro\/#website"},"datePublished":"2021-09-28T12:30:47+00:00","dateModified":"2021-12-06T06:51:45+00:00","breadcrumb":{"@id":"https:\/\/dosa.ro\/ro\/gama-de-produse-kinder\/#breadcrumb"},"inLanguage":"ro-RO","potentialAction":[{"@type":"ReadAction","target":["https:\/\/dosa.ro\/ro\/gama-de-produse-kinder\/"]}]},{"@type":"BreadcrumbList","@id":"https:\/\/dosa.ro\/ro\/gama-de-produse-kinder\/#breadcrumb","itemListElement":[{"@type":"ListItem","position":1,"name":"Kezd\u0151lap","item":"https:\/\/dosa.ro\/ro\/"},{"@type":"ListItem","position":2,"name":"Gama de produse Kinder"}]},{"@type":"WebSite","@id":"https:\/\/dosa.ro\/ro\/#website","url":"https:\/\/dosa.ro\/ro\/","name":"D\u00f3sa","description":"Dosa","publisher":{"@id":"https:\/\/dosa.ro\/ro\/#organization"},"potentialAction":[{"@type":"SearchAction","target":{"@type":"EntryPoint","urlTemplate":"https:\/\/dosa.ro\/ro\/?s={search_term_string}"},"query-input":"required name=search_term_string"}],"inLanguage":"ro-RO"},{"@type":"Organization","@id":"https:\/\/dosa.ro\/ro\/#organization","name":"AGRO PROD COM DOSA SRL","url":"https:\/\/dosa.ro\/ro\/","logo":{"@type":"ImageObject","inLanguage":"ro-RO","@id":"https:\/\/dosa.ro\/ro\/#\/schema\/logo\/image\/","url":"https:\/\/dosa.ro\/wp-content\/uploads\/2021\/06\/cropped-logo-1.png","contentUrl":"https:\/\/dosa.ro\/wp-content\/uploads\/2021\/06\/cropped-logo-1.png","width":512,"height":512,"caption":"AGRO PROD COM DOSA SRL"},"image":{"@id":"https:\/\/dosa.ro\/ro\/#\/schema\/logo\/image\/"}}]}},"_links":{"self":[{"href":"https:\/\/dosa.ro\/ro\/wp-json\/wp\/v2\/pages\/1658","targetHints":{"allow":["GET"]}}],"collection":[{"href":"https:\/\/dosa.ro\/ro\/wp-json\/wp\/v2\/pages"}],"about":[{"href":"https:\/\/dosa.ro\/ro\/wp-json\/wp\/v2\/types\/page"}],"author":[{"embeddable":true,"href":"https:\/\/dosa.ro\/ro\/wp-json\/wp\/v2\/users\/1"}],"replies":[{"embeddable":true,"href":"https:\/\/dosa.ro\/ro\/wp-json\/wp\/v2\/comments?post=1658"}],"version-history":[{"count":0,"href":"https:\/\/dosa.ro\/ro\/wp-json\/wp\/v2\/pages\/1658\/revisions"}],"wp:attachment":[{"href":"https:\/\/dosa.ro\/ro\/wp-json\/wp\/v2\/media?parent=1658"}],"curies":[{"name":"wp","href":"https:\/\/api.w.org\/{rel}","templated":true}]}}